{"id":9,"date":"2015-02-20T15:28:22","date_gmt":"2015-02-20T15:28:22","guid":{"rendered":"http:\/\/construction.weblusive-themes.com\/?page_id=9"},"modified":"2024-11-05T12:01:19","modified_gmt":"2024-11-05T11:01:19","slug":"kapcsolat","status":"publish","type":"page","link":"https:\/\/confector.hu\/nyilaszaro\/kapcsolat\/","title":{"rendered":"Kapcsolat"},"content":{"rendered":"<p>[vc_row]<br \/>\n[vc_column]<br \/>\n<div class=\"row sectionTitles m0  \">\n\t\t\t\t<h2 class=\"sectionTitle \" style=\"color: !important\">Confector M\u00e9rn\u00f6k Iroda Kft.<\/h2>\n\t\t\t\t<div class=\"sectionSubTitle \" style=\"color: !important\">H-1037 Budapest, Pom\u00e1zi \u00fat 11.<\/div>\n\t\t\t<\/div><br \/>\n[\/vc_column]<br \/>\n[\/vc_row]<br \/>\n[vc_row]<br \/>\n[vc_column]<br \/>\n<ul class=\"list-inline contact-horizontal  \"><li><i class=\"fa fa-home\"><\/i>Gener\u00e1lkivitelez\u00e9s<\/li><li><i class=\"fa fa-phone\"><\/i>Tel.: +36-1-275-8963<\/li><li><i class=\"fa fa-envelope\"><\/i>confector@confector.hu<\/li><\/ul><br \/>\n<br \/>\n<ul class=\"list-inline contact-horizontal  \"><li><i class=\"fa fa-home\"><\/i>M\u0171anyag ny\u00edl\u00e1sz\u00e1r\u00f3k (ny\u00edl\u00e1sz\u00e1r\u00f3 gy\u00e1rt\u00e1s \u00e9s forgalmaz\u00e1s) <\/li><li><i class=\"fa fa-phone\"><\/i>Tel.: +36-1-387-3142<\/li><li><i class=\"fa fa-envelope\"><\/i>ablak@confector.hu<\/li><\/ul><br \/>\n<br \/>\n<ul class=\"list-inline contact-horizontal  \"><li><i class=\"fa fa-home\"><\/i>Alum\u00ednium ny\u00edl\u00e1sz\u00e1r\u00f3k (ny\u00edl\u00e1sz\u00e1r\u00f3 gy\u00e1rt\u00e1s \u00e9s forgalmaz\u00e1s)<\/li><li><i class=\"fa fa-phone\"><\/i>Tel.: +36-1-387-3142<\/li><li><i class=\"fa fa-envelope\"><\/i>alu@confector.hu<\/li><\/ul><br \/>\n[vc_row css=&#8221;.vc_custom_1424542412433{margin-bottom: 0px !important;}&#8221;]<br \/>\n<br \/>\n<div class=\"row sectionTitles m0  \">\n\t\t\t\t<h2 class=\"sectionTitle \" style=\"color: !important\">Csapatunk <\/h2>\n\t\t\t\t<div class=\"sectionSubTitle \" style=\"color: !important\"><\/div>\n\t\t\t<\/div><br \/>\n<div class=\"clearfix  \" ><\/div><br \/>\n[\/vc_column]<br \/>\n[\/vc_row]<br \/>\n[vc_row css=&#8221;.vc_custom_1424542340130{margin-bottom: 0px !important;}&#8221; newlayout=&#8221;Fixed&#8221; el_class=&#8221;csapatunk-container&#8221;]<br \/>\n[vc_column width=&#8221;1\/3&#8243;]<br \/>\n<div class=\"team-shortcode2 member3_1 member  \">\n\t\t\t\t\t<div class=\"row m0\">\n\t\t\t\t\t\t<div class=\"row m0 memImg\">\n\t\t\t\t\t\t\t<img decoding=\"async\" alt=\"Moln\u00e1r L\u00e1szl\u00f3\" src=\"https:\/\/confector.hu\/nyilaszaro\/wp-content\/uploads\/2017\/01\/Molnar_Laszlo_confector.jpg\">\n\t\t\t\t\t\t<\/div>\n\t\t\t\t\t\t<div class=\"row m0 memberIntro\">\n\t\t\t\t\t\t\t<div class=\"row m0 name\">Moln\u00e1r L\u00e1szl\u00f3<\/div>\n\t\t\t\t\t\t\t<div class=\"row m0 pro\">Ny\u00edl\u00e1sz\u00e1r\u00f3 \u00fczlet\u00e1gvezet\u0151<\/div>\n\t\t\t\t\t\t<\/div>\n\t\t\t\t\t<\/div>\n\t\t\t\t<\/div><br \/>\n[\/vc_column]<br \/>\n[vc_column width=&#8221;1\/3&#8243;]<br \/>\n<div class=\"team-shortcode2 member3_1 member  \">\n\t\t\t\t\t<div class=\"row m0\">\n\t\t\t\t\t\t<div class=\"row m0 memImg\">\n\t\t\t\t\t\t\t<img decoding=\"async\" alt=\"Lakatos Ferenc\" src=\"https:\/\/confector.hu\/nyilaszaro\/wp-content\/uploads\/2017\/01\/Lakatos_Ferenc_confector.jpg\">\n\t\t\t\t\t\t<\/div>\n\t\t\t\t\t\t<div class=\"row m0 memberIntro\">\n\t\t\t\t\t\t\t<div class=\"row m0 name\">Lakatos Ferenc<\/div>\n\t\t\t\t\t\t\t<div class=\"row m0 pro\">M\u0171anyag ny\u00edl\u00e1sz\u00e1r\u00f3 \u00e9rt\u00e9kes\u00edt\u0151<\/div>\n\t\t\t\t\t\t<\/div>\n\t\t\t\t\t<\/div>\n\t\t\t\t<\/div><br \/>\n[\/vc_column]<br \/>\n[vc_column width=&#8221;1\/3&#8243;]<br \/>\n<div class=\"team-shortcode2 member3_1 member  \">\n\t\t\t\t\t<div class=\"row m0\">\n\t\t\t\t\t\t<div class=\"row m0 memImg\">\n\t\t\t\t\t\t\t<img decoding=\"async\" alt=\"Kov\u00e1cs Kriszti\u00e1n\" src=\"https:\/\/confector.hu\/nyilaszaro\/wp-content\/uploads\/2017\/01\/Kovacs_Krisztian_confector.jpg\">\n\t\t\t\t\t\t<\/div>\n\t\t\t\t\t\t<div class=\"row m0 memberIntro\">\n\t\t\t\t\t\t\t<div class=\"row m0 name\">Kov\u00e1cs Kriszti\u00e1n<\/div>\n\t\t\t\t\t\t\t<div class=\"row m0 pro\">Alum\u00ednium \u00e1gazati vezet\u0151<\/div>\n\t\t\t\t\t\t<\/div>\n\t\t\t\t\t<\/div>\n\t\t\t\t<\/div><br \/>\n[\/vc_column]<br \/>\n<div class=\"clearfix  \"  style=\"margin-bottom:50px !important; clear:both;\"><\/div><br \/>\n[vc_column width=&#8221;1\/3&#8243;]<br \/>\n<div class=\"team-shortcode2 member3_1 member  \">\n\t\t\t\t\t<div class=\"row m0\">\n\t\t\t\t\t\t<div class=\"row m0 memImg\">\n\t\t\t\t\t\t\t<img decoding=\"async\" alt=\"Kov\u00e1cs Kata\" src=\"https:\/\/confector.hu\/nyilaszaro\/wp-content\/uploads\/2017\/01\/Kovacs_Kata_confector.jpg\">\n\t\t\t\t\t\t<\/div>\n\t\t\t\t\t\t<div class=\"row m0 memberIntro\">\n\t\t\t\t\t\t\t<div class=\"row m0 name\">Kov\u00e1cs Kata<\/div>\n\t\t\t\t\t\t\t<div class=\"row m0 pro\">\u00dcgyf\u00e9lkapcsolati \u00e9s p\u00e9nz\u00fcgyi referens<\/div>\n\t\t\t\t\t\t<\/div>\n\t\t\t\t\t<\/div>\n\t\t\t\t<\/div><br \/>\n[\/vc_column]<br \/>\n[vc_column width=&#8221;1\/3&#8243;]<br \/>\n<div class=\"team-shortcode2 member3_1 member  \">\n\t\t\t\t\t<div class=\"row m0\">\n\t\t\t\t\t\t<div class=\"row m0 memImg\">\n\t\t\t\t\t\t\t<img decoding=\"async\" alt=\"Urb\u00e1n Gyula\" src=\"https:\/\/confector.hu\/nyilaszaro\/wp-content\/uploads\/2015\/09\/urban-gyula1.jpg\">\n\t\t\t\t\t\t<\/div>\n\t\t\t\t\t\t<div class=\"row m0 memberIntro\">\n\t\t\t\t\t\t\t<div class=\"row m0 name\">Urb\u00e1n Gyula<\/div>\n\t\t\t\t\t\t\t<div class=\"row m0 pro\">M\u0171helyvezet\u0151<\/div>\n\t\t\t\t\t\t<\/div>\n\t\t\t\t\t<\/div>\n\t\t\t\t<\/div><br \/>\n[\/vc_column]<br \/>\n<br \/>\n[\/vc_row]<br \/>\n<br \/>\n[vc_row]<br \/>\n[vc_column]<br \/>\n<br \/>\n<div class=\"row sectionTitles m0  \">\n\t\t\t\t<h2 class=\"sectionTitle \" style=\"color: !important\">Bemutat\u00f3terem<\/h2>\n\t\t\t\t<div class=\"sectionSubTitle \" style=\"color: !important\">Nyitva tart\u00e1s: h\u00e9tf\u0151-p\u00e9ntek 8-16 h<\/div>\n\t\t\t<\/div><br \/>\n[\/vc_column]<br \/>\n[\/vc_row]<br \/>\n[vc_row]<br \/>\n[vc_column]<br \/>\n<div class=\"map-split gm-shortcode\"><div id=\"googlemap28039\" style=\"width:300px;height:420px;\" class=\"\"><\/div><\/div>\n  \n\t<script type=\"text\/javascript\">\n\t\tjQuery(function () {\n    \tvar latlng = new google.maps.LatLng(0, 0);\n\t\tvar myOptions = {\n\t\t\tzoom: 14,\n\t\t\tcenter: latlng,\n\t\t\tscrollwheel:false,\n\t\t\tmapTypeId: google.maps.MapTypeId.ROADMAP\n\t\t};\n\t\tvar googlemap28039 = new google.maps.Map(document.getElementById(\"googlemap28039\"),\n\t\tmyOptions);\n\t\t\n\t\t\tvar trafficLayer = new google.maps.TrafficLayer();\n\t\t\ttrafficLayer.setMap(googlemap28039);\n\t\t\t\n\t\t    var geocoder_googlemap28039 = new google.maps.Geocoder();\n\t\t\tvar address = 'Budapest, Pom\u00e1zi \u00fat 11.';\n\t\t\tgeocoder_googlemap28039.geocode( { 'address': address}, function(results, status) {\n\t\t\t\tif (status == google.maps.GeocoderStatus.OK) {\n\t\t\t\t\tgooglemap28039.setCenter(results[0].geometry.location);\n\t\t\t\t\t\n\t\t\t\t\t\tvar marker = new google.maps.Marker({\n\t\t\t\t\t\t\tmap: googlemap28039, \n\t\t\t\t\t\t\t\n\t\t\t\t\t\t\tposition: googlemap28039.getCenter()\n\t\t\t\t\t\t});\n\t\t\t\t\t\tvar contentString = 'Confector M\u00e9rn\u00f6k Iroda Kft.'\n\t\t\t\t\t\t\t\tvar infowindow = new google.maps.InfoWindow({\n\t\t\t\t\t\t\t\tcontent: contentString\n\t\t\t\t\t\t\t});\n\t\t\t\t\t\t\t\t\t\t\n\t\t\t\t\t\t\tgoogle.maps.event.addListener(marker, 'click', function() {\n\t\t\t\t\t\t\t  infowindow.open(googlemap28039,marker);\n\t\t\t\t\t\t\t});\n\t\t\t\t\n\t\t\t\t\t\t\t\n\t\t\t\t} else {\n\t\t\t\talert(\"Geocode was not successful for the following reason: \" + status);\n\t\t\t}\n\t\t\t});\n\t\t\t\n\t\t});\n\t\t<\/script><br \/>\n[\/vc_column]<br \/>\n[\/vc_row]<br \/>\n[vc_row]<br \/>\n[vc_column]<br \/>\n[vc_column_text]<\/p>\n<h2 style=\"text-align: center;\">Impresszum<\/h2>\n<p>&nbsp;<\/p>\n<p style=\"text-align: center;\">Ad\u00f3sz\u00e1m: 10491496-2-41<\/p>\n<p style=\"text-align: center;\">C\u00e9gjegyz\u00e9ksz\u00e1m: 01-09-072007<\/p>\n<p style=\"text-align: center;\">Fot\u00f3inkat Bogn\u00e1r Benedek fot\u00f3m\u0171v\u00e9sz k\u00e9sz\u00edtette.<\/p>\n<p>[\/vc_column_text]<\/p>\n<p>[\/vc_column]<br \/>\n[\/vc_row]<\/p>\n","protected":false},"excerpt":{"rendered":"<p>[vc_row] [vc_column] [\/vc_column] [\/vc_row] [vc_row] [vc_column] [vc_row css=&#8221;.vc_custom_1424542412433{margin-bottom: 0px !important;}&#8221;] [\/vc_column] [\/vc_row] [vc_row css=&#8221;.vc_custom_1424542340130{margin-bottom: 0px !important;}&#8221; newlayout=&#8221;Fixed&#8221; el_class=&#8221;csapatunk-container&#8221;] [vc_column width=&#8221;1\/3&#8243;] [\/vc_column] [vc_column width=&#8221;1\/3&#8243;] [\/vc_column] [vc_column width=&#8221;1\/3&#8243;] [\/vc_column] [vc_column width=&#8221;1\/3&#8243;] [\/vc_column] [vc_column width=&#8221;1\/3&#8243;] [\/vc_column] [\/vc_row] [vc_row] [vc_column] [\/vc_column] [\/vc_row] [vc_row] [vc_column] [\/vc_column] [\/vc_row] [vc_row] [vc_column] [vc_column_text] Impresszum &nbsp; Ad\u00f3sz\u00e1m: 10491496-2-41 C\u00e9gjegyz\u00e9ksz\u00e1m: 01-09-072007 Fot\u00f3inkat Bogn\u00e1r Benedek fot\u00f3m\u0171v\u00e9sz [&hellip;]<\/p>\n","protected":false},"author":1,"featured_media":1025,"parent":0,"menu_order":0,"comment_status":"closed","ping_status":"open","template":"","meta":{"footnotes":""},"class_list":["post-9","page","type-page","status-publish","has-post-thumbnail","hentry"],"aioseo_notices":[],"_links":{"self":[{"href":"https:\/\/confector.hu\/nyilaszaro\/wp-json\/wp\/v2\/pages\/9","targetHints":{"allow":["GET"]}}],"collection":[{"href":"https:\/\/confector.hu\/nyilaszaro\/wp-json\/wp\/v2\/pages"}],"about":[{"href":"https:\/\/confector.hu\/nyilaszaro\/wp-json\/wp\/v2\/types\/page"}],"author":[{"embeddable":true,"href":"https:\/\/confector.hu\/nyilaszaro\/wp-json\/wp\/v2\/users\/1"}],"replies":[{"embeddable":true,"href":"https:\/\/confector.hu\/nyilaszaro\/wp-json\/wp\/v2\/comments?post=9"}],"version-history":[{"count":53,"href":"https:\/\/confector.hu\/nyilaszaro\/wp-json\/wp\/v2\/pages\/9\/revisions"}],"predecessor-version":[{"id":337,"href":"https:\/\/confector.hu\/nyilaszaro\/wp-json\/wp\/v2\/pages\/9\/revisions\/337"}],"wp:featuredmedia":[{"embeddable":true,"href":"https:\/\/confector.hu\/nyilaszaro\/wp-json\/wp\/v2\/media\/1025"}],"wp:attachment":[{"href":"https:\/\/confector.hu\/nyilaszaro\/wp-json\/wp\/v2\/media?parent=9"}],"curies":[{"name":"wp","href":"https:\/\/api.w.org\/{rel}","templated":true}]}}