{"id":319,"date":"2015-08-17T07:43:24","date_gmt":"2015-08-17T06:43:24","guid":{"rendered":"https:\/\/confector.hu\/nyilaszaro\/?page_id=319"},"modified":"2024-11-05T12:01:19","modified_gmt":"2024-11-05T11:01:19","slug":"letoltheto-dokumentumok","status":"publish","type":"page","link":"https:\/\/confector.hu\/nyilaszaro\/letoltheto-dokumentumok\/","title":{"rendered":"Let\u00f6lthet\u0151 dokumentumok"},"content":{"rendered":"<p><strong>Confector ny\u00edl\u00e1sz\u00e1r\u00f3 \u00daJ KIADV\u00c1NY<\/strong> &#8211; <strong><a href=\"https:\/\/confector.hu\/nyilaszaro\/wp-content\/uploads\/2015\/11\/nyilaszaro-ablak-ajto-katalogus-2015.pdf\" target=\"_blank\" rel=\"noopener\">LET\u00d6LT\u00c9S ITT<\/a><\/strong><\/p>\n<p>&nbsp;<\/p>\n<p><b>\u00c1ltal\u00e1nos Szerz\u0151d\u00e9si Felt\u00e9telek<\/b><\/p>\n<ul>\n<li><a href=\"https:\/\/confector.hu\/nyilaszaro\/wp-content\/uploads\/2015\/08\/confector-aszf.pdf\" target=\"_blank\" rel=\"noopener\">Confector \u00c1SZF<\/a><\/li>\n<\/ul>\n<p><b>\u00datmutat\u00f3k<\/b><\/p>\n<ul>\n<li><a target=\"_blank\" href=\"https:\/\/confector.hu\/nyilaszaro\/wp-content\/uploads\/2015\/08\/beepitesi-utmutato-manyag-nyilaszarokhoz.pdf\" rel=\"noopener\">Be\u00e9p\u00edt\u00e9si \u00fatmutat\u00f3 m\u0171anyag ny\u00edl\u00e1sz\u00e1r\u00f3khoz<\/a><\/li>\n<li><a target=\"_blank\" href=\"https:\/\/confector.hu\/nyilaszaro\/wp-content\/uploads\/2015\/08\/karbantartasi-utmutato-muanyag-nyilaszarokhoz.pdf\" rel=\"noopener\">Karbantart\u00e1si \u00fatmutat\u00f3 m\u0171anyag ny\u00edl\u00e1sz\u00e1r\u00f3khoz<\/a><\/li>\n<\/ul>\n<p><b>Katal\u00f3gusok<\/b><\/p>\n<ul>\n<li><a target=\"_blank\" href=\"https:\/\/confector.hu\/nyilaszaro\/wp-content\/uploads\/2015\/08\/Bejarati-ajtopanel-katalogus.pdf\" rel=\"noopener\">Rehau bej\u00e1rati ajt\u00f3panel prospektus<\/a><\/li>\n<\/ul>\n<p><b>Teljes\u00edtm\u00e9nynyilatkozatok<\/b><\/p>\n<ul>\n<li><a target=\"_blank\" href=\"https:\/\/confector.hu\/nyilaszaro\/wp-content\/uploads\/2015\/08\/Rehau-Ecosol-70-muanyag-ablak-erkelyajto-teljesitmenynyilatkozat-minta.pdf\" rel=\"noopener\">Rehau Ecosol 70 m\u0171anyag ablak, erk\u00e9lyajt\u00f3 teljes\u00edtm\u00e9nynyilatkozat minta<\/a><\/li>\n<li><a target=\"_blank\" href=\"https:\/\/confector.hu\/nyilaszaro\/wp-content\/uploads\/2015\/08\/Rehau-Ecosol-70-ketszarnyu-muanyag-ablak-erkelyajto-teljesitmenynyilatkozat-minta.pdf\" rel=\"noopener\">Rehau Ecosol 70 k\u00e9tsz\u00e1rny\u00fa m\u0171anyag ablak, erk\u00e9lyajt\u00f3 teljes\u00edtm\u00e9nynyilatkozat minta<\/a><\/li>\n<li><a target=\"_blank\" href=\"https:\/\/confector.hu\/nyilaszaro\/wp-content\/uploads\/2015\/08\/Rehau-Ecosol-70-bejarati-ajto-teljesitmenynyilatkozat-minta.pdf\" rel=\"noopener\">Rehau Ecosol 70 bej\u00e1rati ajt\u00f3 teljes\u00edtm\u00e9nynyilatkozat minta<\/a><\/li>\n<li><a target=\"_blank\" href=\"https:\/\/confector.hu\/nyilaszaro\/wp-content\/uploads\/2015\/08\/Rehau-Geneo-muanyag-ablak-teljesitmenynyilatkozat-minta.pdf\" rel=\"noopener\">Rehau Geneo m\u0171anyag ablak teljes\u00edtm\u00e9nynyilatkozat minta<\/a><\/li>\n<li><a target=\"_blank\" href=\"https:\/\/confector.hu\/nyilaszaro\/wp-content\/uploads\/2015\/08\/Rehau-Geneo-ketszarnyu-muanyag-ablak-teljesitmenynyilatkozat-minta.pdf\" rel=\"noopener\">Rehau Geneo k\u00e9tsz\u00e1rny\u00fa m\u0171anyag ablak teljes\u00edtm\u00e9nynyilatkozat minta<\/a><\/li>\n<li><a href=\"https:\/\/confector.hu\/nyilaszaro\/wp-content\/uploads\/2015\/08\/Schuco-aluminium-ablak-aws-teljesitmenynyilatkozat-minta.pdf\" target=\"_blank\" rel=\"noopener\">Sch\u00fcco alum\u00ednium ablak AWS teljes\u00edtm\u00e9nynyilatkozat minta<\/a><\/li>\n<li><a href=\"https:\/\/confector.hu\/nyilaszaro\/wp-content\/uploads\/2015\/08\/Schuco-bejarati-ajto-ads-teljesitmenynyilatkozat-minta.pdf\" target=\"_blank\" rel=\"noopener\">Sch\u00fcco bej\u00e1rati ajt\u00f3 ADS teljes\u00edtm\u00e9nynyilatkozat minta<\/a><\/li>\n<li><a href=\"https:\/\/confector.hu\/nyilaszaro\/wp-content\/uploads\/2015\/08\/Schuco-bejarati-ajto-ads-teljesitmenynyilatkozat-minta.pdf\" target=\"_blank\" rel=\"noopener\">Sch\u00fcco tol\u00f3ajt\u00f3 ASS teljes\u00edtm\u00e9nynyilatkozat minta<\/a><\/li>\n<li><a href=\"https:\/\/confector.hu\/nyilaszaro\/wp-content\/uploads\/2015\/08\/Schuco-fuggonyfal-fw50-teljesitmenynyilatkozat-minta.pdf\" target=\"_blank\" rel=\"noopener\">Sch\u00fcco f\u00fcgg\u00f6nyfal FW50 teljes\u00edtm\u00e9nynyilatkozat minta<\/a><\/li>\n<\/ul>\n","protected":false},"excerpt":{"rendered":"<p>Confector ny\u00edl\u00e1sz\u00e1r\u00f3 \u00daJ KIADV\u00c1NY &#8211; LET\u00d6LT\u00c9S ITT &nbsp; \u00c1ltal\u00e1nos Szerz\u0151d\u00e9si Felt\u00e9telek Confector \u00c1SZF \u00datmutat\u00f3k Be\u00e9p\u00edt\u00e9si \u00fatmutat\u00f3 m\u0171anyag ny\u00edl\u00e1sz\u00e1r\u00f3khoz Karbantart\u00e1si \u00fatmutat\u00f3 m\u0171anyag ny\u00edl\u00e1sz\u00e1r\u00f3khoz Katal\u00f3gusok Rehau bej\u00e1rati ajt\u00f3panel prospektus Teljes\u00edtm\u00e9nynyilatkozatok Rehau Ecosol 70 m\u0171anyag ablak, erk\u00e9lyajt\u00f3 teljes\u00edtm\u00e9nynyilatkozat minta Rehau Ecosol 70 k\u00e9tsz\u00e1rny\u00fa m\u0171anyag ablak, erk\u00e9lyajt\u00f3 teljes\u00edtm\u00e9nynyilatkozat minta Rehau Ecosol 70 bej\u00e1rati ajt\u00f3 teljes\u00edtm\u00e9nynyilatkozat minta Rehau Geneo m\u0171anyag [&hellip;]<\/p>\n","protected":false},"author":2,"featured_media":1025,"parent":0,"menu_order":0,"comment_status":"closed","ping_status":"open","template":"","meta":{"footnotes":""},"class_list":["post-319","page","type-page","status-publish","has-post-thumbnail","hentry"],"aioseo_notices":[],"_links":{"self":[{"href":"https:\/\/confector.hu\/nyilaszaro\/wp-json\/wp\/v2\/pages\/319","targetHints":{"allow":["GET"]}}],"collection":[{"href":"https:\/\/confector.hu\/nyilaszaro\/wp-json\/wp\/v2\/pages"}],"about":[{"href":"https:\/\/confector.hu\/nyilaszaro\/wp-json\/wp\/v2\/types\/page"}],"author":[{"embeddable":true,"href":"https:\/\/confector.hu\/nyilaszaro\/wp-json\/wp\/v2\/users\/2"}],"replies":[{"embeddable":true,"href":"https:\/\/confector.hu\/nyilaszaro\/wp-json\/wp\/v2\/comments?post=319"}],"version-history":[{"count":22,"href":"https:\/\/confector.hu\/nyilaszaro\/wp-json\/wp\/v2\/pages\/319\/revisions"}],"predecessor-version":[{"id":1581,"href":"https:\/\/confector.hu\/nyilaszaro\/wp-json\/wp\/v2\/pages\/319\/revisions\/1581"}],"wp:featuredmedia":[{"embeddable":true,"href":"https:\/\/confector.hu\/nyilaszaro\/wp-json\/wp\/v2\/media\/1025"}],"wp:attachment":[{"href":"https:\/\/confector.hu\/nyilaszaro\/wp-json\/wp\/v2\/media?parent=319"}],"curies":[{"name":"wp","href":"https:\/\/api.w.org\/{rel}","templated":true}]}}