{"id":280,"date":"2015-08-17T07:26:25","date_gmt":"2015-08-17T06:26:25","guid":{"rendered":"https:\/\/confector.hu\/nyilaszaro\/?page_id=280"},"modified":"2024-11-05T12:01:20","modified_gmt":"2024-11-05T11:01:20","slug":"zsaluziak","status":"publish","type":"page","link":"https:\/\/confector.hu\/nyilaszaro\/zsaluziak\/","title":{"rendered":"Zsaluzi\u00e1k"},"content":{"rendered":"<h3>Zsaluzi\u00e1k<\/h3>\n<p>&nbsp;<\/p>\n<p style=\"text-align: justify;\">A zsaluzi\u00e1k az ablakon k\u00edv\u00fcl elhelyezett, optim\u00e1lis ablak\u00e1rny\u00e9kol\u00f3 rendszert jelentenek, mert a lamell\u00e1k a nap j\u00e1r\u00e1s\u00e1nak megfelel\u0151en pozicion\u00e1lhat\u00f3k. Haszn\u00e1lat k\u00f6zben zavartalan \u00e1ttekint\u00e9st, a helyis\u00e9g term\u00e9szetes bevil\u00e1g\u00edt\u00e1s\u00e1t \u00e9s szell\u0151ztethet\u0151s\u00e9g\u00e9t biztos\u00edtj\u00e1k. M\u0171k\u00f6dtethet\u0151k k\u00e9zi hajt\u00f3karral, vagy motorosan. Megvezet\u00e9s\u00fck lehet s\u00ednes vagy sodronyos. Nagy fel\u00fcletekn\u00e9l javasolt sz\u00e9l\u00e9rz\u00e9kel\u0151t alkalmazni, mert a lamell\u00e1k a nagy sz\u00e9lterhel\u00e9st nem viselik el, ilyenkor az automatika visszah\u00fazza a tokba a k\u00e1rosod\u00e1s elker\u00fcl\u00e9se v\u00e9gett.<\/p>\n<p>&nbsp;<\/p>\n<h4><img loading=\"lazy\" decoding=\"async\" src=\"https:\/\/confector.hu\/nyilaszaro\/wp-content\/uploads\/2015\/08\/zsaluziak-sines.jpg\" alt=\"zsaluziak-sines\" class=\"alignright size-full wp-image-831\" width=\"168\" height=\"369\" srcset=\"https:\/\/confector.hu\/nyilaszaro\/wp-content\/uploads\/2015\/08\/zsaluziak-sines.jpg 168w, https:\/\/confector.hu\/nyilaszaro\/wp-content\/uploads\/2015\/08\/zsaluziak-sines-137x300.jpg 137w\" sizes=\"auto, (max-width: 168px) 100vw, 168px\" \/>S\u00ednes megvezet\u00e9s:<\/h4>\n<p style=\"text-align: justify;\">A 80 mm sz\u00e9les, k\u00e9tszer lakkozott alum\u00edniumszalagb\u00f3l dombor\u00edtott \u00e9s peremezett lamell\u00e1k reluxaszer\u0171en v\u00edzszintesen egym\u00e1s alatt helyezkednek el. V\u00edzszintes tengely\u00fck k\u00f6r\u00fcl elford\u00edthat\u00f3k, illetve leengedhet\u0151k \u00e9s \u00f6sszegy\u0171jtve felh\u00fazhat\u00f3k. K\u00e9toldali megvezet\u00e9s\u00fck PVC bet\u00e9ttel b\u00e9lelt vezet\u0151s\u00ednek k\u00f6z\u00f6tt t\u00f6rt\u00e9nik.<\/p>\n<ol style=\"text-align: justify;\">\n<li><strong> <\/strong>V\u00e9d\u0151tet\u0151: \u201eL\u201d alak\u00fara hajl\u00edtott alum\u00ednium lemez.<\/li>\n<li><strong> <\/strong>Csatorna: ac\u00e9llemezb\u0151l hajl\u00edtott 60 x 57 mm-es \u201eU\u201d szerelv\u00e9ny.<\/li>\n<li><strong> <\/strong>L\u00e9trazsin\u00f3r: fekete TREVIRA anyag, szilikon impregn\u00e1l\u00e1ssal<\/li>\n<li><strong> <\/strong>Lamella: 80 mm sz\u00e9les, \u201eC\u201d form\u00e1ra dombor\u00edtott \u00e9s peremezett alum\u00ednium.<\/li>\n<li><strong> <\/strong>Emel\u0151szalag: 6 mm sz\u00e9les sz\u00fcrke TREVIRA anyag, szak.szil.: 110daN.<\/li>\n<li><strong> <\/strong>Lamellaf\u00fcl: UV stabil m\u0171anyag.<\/li>\n<li><strong> <\/strong>Vezet\u0151s\u00edn: PVC bet\u00e9ttel b\u00e9lelt, sajtolt aluprofil.<\/li>\n<li><strong> <\/strong>Z\u00e1r\u00f3l\u00e9c: sajtolt aluprofil.<\/li>\n<\/ol>\n<p>&nbsp;<\/p>\n<h4>Sodronyos megvezet\u00e9s:<\/h4>\n<p style=\"text-align: justify;\"><img loading=\"lazy\" decoding=\"async\" src=\"https:\/\/confector.hu\/nyilaszaro\/wp-content\/uploads\/2015\/08\/zsaluziak-sodronyos.jpg\" alt=\"zsaluziak-sodronyos\" class=\"alignright size-full wp-image-832\" width=\"177\" height=\"370\" srcset=\"https:\/\/confector.hu\/nyilaszaro\/wp-content\/uploads\/2015\/08\/zsaluziak-sodronyos.jpg 177w, https:\/\/confector.hu\/nyilaszaro\/wp-content\/uploads\/2015\/08\/zsaluziak-sodronyos-144x300.jpg 144w\" sizes=\"auto, (max-width: 177px) 100vw, 177px\" \/>A 80 mm sz\u00e9les, k\u00e9tszer lakkozott alum\u00edniumszalagb\u00f3l dombor\u00edtott de peremezetlen lamell\u00e1k reluxaszer\u0171en v\u00edzszintesen egym\u00e1s alatt helyezkednek el. V\u00edzszintes tengely\u00fck k\u00f6r\u00fcl elford\u00edthat\u00f3k, illetve leengedhet\u0151k \u00e9s \u00f6sszegy\u0171jtve felh\u00fazhat\u00f3k. K\u00e9toldali megvezet\u00e9s\u00fck rozsdamentes ac\u00e9lsodronyok k\u00f6z\u00f6tt t\u00f6rt\u00e9nik.<\/p>\n<ol style=\"text-align: justify;\">\n<li><strong><\/strong> V\u00e9d\u0151tet\u0151: 130&#215;160 mm-es, \u201eL\u201d alak\u00fara hajl\u00edtott alum\u00ednium lemez.<\/li>\n<li><strong><\/strong> Csatorna: ac\u00e9llemezb\u0151l hajl\u00edtott 60 x 57 mm-es \u201eU\u201d szelv\u00e9ny.<\/li>\n<li><strong><\/strong> L\u00e9trazsin\u00f3r: fekete TREVIRA anyag, szilikon impregn\u00e1l\u00e1ssal.<\/li>\n<\/ol>\n<p style=\"text-align: justify;\"><strong>\u00a0\u00a0\u00a0\u00a0\u00a0 <\/strong>Emel\u0151szalag:\u00a0 6 mm sz\u00e9les sz\u00fcrke TREVIRA anyag, szak. szil.:110daN.<\/p>\n<ol style=\"text-align: justify;\" start=\"4\">\n<li><strong><\/strong> Lamella: 80 mm sz\u00e9les, peremezetlen alum\u00ednium.<\/li>\n<li><strong><\/strong> Megvezet\u00e9s: rozsdamentes ac\u00e9lsodrony.<\/li>\n<li><strong> <\/strong>Z\u00e1r\u00f3l\u00e9c: sajtolt aluprofil.<\/li>\n<\/ol>\n<p>&nbsp;<\/p>\n<p style=\"text-align: justify;\">\n<div class=\"erdeklodom\"><a href=\"https:\/\/confector.hu\/nyilaszaro\/kapcsolat\">\u00c9rdekl\u0151d\u00f6m <i class=\"fa fa-arrow-circle-right\"><\/i><\/a><\/div>\n","protected":false},"excerpt":{"rendered":"<p>Zsaluzi\u00e1k &nbsp; A zsaluzi\u00e1k az ablakon k\u00edv\u00fcl elhelyezett, optim\u00e1lis ablak\u00e1rny\u00e9kol\u00f3 rendszert jelentenek, mert a lamell\u00e1k a nap j\u00e1r\u00e1s\u00e1nak megfelel\u0151en pozicion\u00e1lhat\u00f3k. Haszn\u00e1lat k\u00f6zben zavartalan \u00e1ttekint\u00e9st, a helyis\u00e9g term\u00e9szetes bevil\u00e1g\u00edt\u00e1s\u00e1t \u00e9s szell\u0151ztethet\u0151s\u00e9g\u00e9t biztos\u00edtj\u00e1k. M\u0171k\u00f6dtethet\u0151k k\u00e9zi hajt\u00f3karral, vagy motorosan. Megvezet\u00e9s\u00fck lehet s\u00ednes vagy sodronyos. Nagy fel\u00fcletekn\u00e9l javasolt sz\u00e9l\u00e9rz\u00e9kel\u0151t alkalmazni, mert a lamell\u00e1k a nagy sz\u00e9lterhel\u00e9st nem viselik el, [&hellip;]<\/p>\n","protected":false},"author":2,"featured_media":1123,"parent":0,"menu_order":0,"comment_status":"closed","ping_status":"closed","template":"","meta":{"footnotes":""},"class_list":["post-280","page","type-page","status-publish","has-post-thumbnail","hentry"],"aioseo_notices":[],"_links":{"self":[{"href":"https:\/\/confector.hu\/nyilaszaro\/wp-json\/wp\/v2\/pages\/280","targetHints":{"allow":["GET"]}}],"collection":[{"href":"https:\/\/confector.hu\/nyilaszaro\/wp-json\/wp\/v2\/pages"}],"about":[{"href":"https:\/\/confector.hu\/nyilaszaro\/wp-json\/wp\/v2\/types\/page"}],"author":[{"embeddable":true,"href":"https:\/\/confector.hu\/nyilaszaro\/wp-json\/wp\/v2\/users\/2"}],"replies":[{"embeddable":true,"href":"https:\/\/confector.hu\/nyilaszaro\/wp-json\/wp\/v2\/comments?post=280"}],"version-history":[{"count":15,"href":"https:\/\/confector.hu\/nyilaszaro\/wp-json\/wp\/v2\/pages\/280\/revisions"}],"predecessor-version":[{"id":1543,"href":"https:\/\/confector.hu\/nyilaszaro\/wp-json\/wp\/v2\/pages\/280\/revisions\/1543"}],"wp:featuredmedia":[{"embeddable":true,"href":"https:\/\/confector.hu\/nyilaszaro\/wp-json\/wp\/v2\/media\/1123"}],"wp:attachment":[{"href":"https:\/\/confector.hu\/nyilaszaro\/wp-json\/wp\/v2\/media?parent=280"}],"curies":[{"name":"wp","href":"https:\/\/api.w.org\/{rel}","templated":true}]}}