{"id":270,"date":"2015-08-17T07:25:23","date_gmt":"2015-08-17T06:25:23","guid":{"rendered":"https:\/\/confector.hu\/nyilaszaro\/?page_id=270"},"modified":"2024-11-05T12:01:20","modified_gmt":"2024-11-05T11:01:20","slug":"muanyag-redony","status":"publish","type":"page","link":"https:\/\/confector.hu\/nyilaszaro\/muanyag-redony\/","title":{"rendered":"M\u0171anyag red\u0151ny"},"content":{"rendered":"<h3>M\u0171anyag red\u0151nypalett\u00e1nk<\/h3>\n<p>&nbsp;<\/p>\n<p style=\"text-align: justify;\">A m\u0171anyag red\u0151ny\u00f6knek k\u00e9t fajt\u00e1j\u00e1t k\u00fcl\u00f6nb\u00f6ztetj\u00fck meg: El\u00e9 \u00e9p\u00edtett vagy k\u00fcls\u0151 tokos; f\u00f6l\u00e9 \u00e9p\u00edtett vagy fels\u0151 tokos red\u0151ny rendszert. A m\u0171anyag red\u0151ny\u00f6k legf\u0151bb el\u0151nye, hogy olcs\u00f3 \u00e1rfekv\u00e9s\u00fck mellett biztos\u00edtj\u00e1k mindazt (\u00e9rtve ez alatt a t\u00f6k\u00e9letes f\u00e9nyz\u00e1r\u00e1st \u00e9s megfelel\u0151 h\u0151- \u00e9s hangszigetel\u00e9st), amit egy red\u0151nyt\u0151l elv\u00e1runk.<\/p>\n<p>&nbsp;<\/p>\n<h3>K\u00fcls\u0151 tokos m\u0171anyag red\u0151ny\u00f6k<\/h3>\n<p>&nbsp;<\/p>\n<p style=\"text-align: justify;\"><img loading=\"lazy\" decoding=\"async\" src=\"https:\/\/confector.hu\/nyilaszaro\/wp-content\/uploads\/2015\/08\/Muanyag-redony-kulsotokos.jpg\" alt=\"Muanyag-redony-kulsotokos\" class=\"alignright size-full wp-image-774\" width=\"420\" height=\"506\" srcset=\"https:\/\/confector.hu\/nyilaszaro\/wp-content\/uploads\/2015\/08\/Muanyag-redony-kulsotokos.jpg 420w, https:\/\/confector.hu\/nyilaszaro\/wp-content\/uploads\/2015\/08\/Muanyag-redony-kulsotokos-249x300.jpg 249w\" sizes=\"auto, (max-width: 420px) 100vw, 420px\" \/><\/p>\n<p style=\"text-align: justify;\">A legegyszer\u0171bb \u00e9s legolcs\u00f3bb red\u0151ny a festett ac\u00e9l tokos, m\u0171anyag tengellyel, m\u0171anyag lefut\u00f3val \u00e9s m\u0171anyag lamell\u00e1zattal van szerelve. Ezen red\u0151ny\u00f6k csak bizonyos m\u00e9retkorl\u00e1tokon bel\u00fcl alkalmazhat\u00f3ak, de csap\u00e1gyazott tengely\u00fck \u00e9s UV stabil lamell\u00e1zatuk miatt hossz\u00fa \u00e9lettartammal b\u00edrnak. K\u00e9zi m\u0171k\u00f6dtet\u00e9s\u0171ek, gurtnis vagy zsin\u00f3ros megvezet\u00e9ssel, melyek egy eszt\u00e9tikus red\u0151ny automat\u00e1ban kapnak helyet. A red\u0151nytok \u00e9s lefut\u00f3 \u00e1ltal\u00e1ban feh\u00e9r vagy barna sz\u00edn\u0171 lehet, m\u00edg a lamell\u00e1zat t\u00f6bbf\u00e9le sz\u00ednb\u0151l v\u00e1laszthat\u00f3, de fontos megeml\u00edteni, hogy a s\u00f6t\u00e9t sz\u00edneket a fokozottabb naps\u00fct\u00e9ses homlokzatokra nem javasoljuk. A megfelel\u0151 z\u00e1r\u00f3d\u00e1s kialak\u00edt\u00e1sa v\u00e9gett a z\u00e1r\u00f3l\u00e9c mindig gum\u00edrozott alum\u00edniuml\u00e9c. Az exkluz\u00edvabb megjelen\u00e9s \u00e9rdek\u00e9ben a lefut\u00f3kat lehet szinterezhet\u0151 alum\u00ednium profilb\u00f3l k\u00e9rni. K\u00edv\u00fclr\u0151l vakolhat\u00f3 tok kialak\u00edt\u00e1sa ezen red\u0151ny\u00f6kn\u00e9l is megval\u00f3s\u00edthat\u00f3, illetve az integr\u00e1lt rol\u00f3s sz\u00fanyogh\u00e1l\u00f3 minden esetben sz\u00e9ria elem. Ezt lehet ut\u00f3lag is k\u00e9rni, de akkor eleve dupla vezet\u0151s\u00ednnel kell szerelni a m\u0171anyag red\u0151ny\u00f6ket. Motoriz\u00e1l\u00e1suk nem javasolt, mert a m\u0171anyag lamell\u00e1k egy esetleges meghib\u00e1sod\u00e1s eset\u00e9n elt\u00f6rhetnek, b\u00e1r m\u00e1r l\u00e9teznek k\u00fcl\u00f6n ilyen c\u00e9lra meger\u0151s\u00edtett m\u0171anyag lamell\u00e1k is.<\/p>\n<p>&nbsp;<\/p>\n<h3>Fels\u0151 tokos m\u0171anyag red\u0151ny\u00f6k<\/h3>\n<p>&nbsp;<\/p>\n<p style=\"text-align: justify;\"><img loading=\"lazy\" decoding=\"async\" src=\"https:\/\/confector.hu\/nyilaszaro\/wp-content\/uploads\/2015\/08\/Muanyag-redony-felsotokos.jpg\" alt=\"Muanyag-redony-felsotokos\" class=\"alignright size-full wp-image-773\" width=\"420\" height=\"489\" srcset=\"https:\/\/confector.hu\/nyilaszaro\/wp-content\/uploads\/2015\/08\/Muanyag-redony-felsotokos.jpg 420w, https:\/\/confector.hu\/nyilaszaro\/wp-content\/uploads\/2015\/08\/Muanyag-redony-felsotokos-258x300.jpg 258w\" sizes=\"auto, (max-width: 420px) 100vw, 420px\" \/><\/p>\n<p style=\"text-align: justify;\">A m\u00e1sik f\u0151 csoportja a f\u00f6l\u00e9 \u00e9p\u00edtett \u00e9s ebb\u0151l k\u00f6vetkez\u0151en h\u0151szigetelt, m\u0171anyag tokos red\u0151ny. Ezen red\u0151nytokokn\u00e1l a legfontosabb jellemz\u0151 a h\u0151szigetel\u0151 k\u00e9pess\u00e9g, mivel a ny\u00edl\u00e1sz\u00e1r\u00f3val egy\u00fctt kell be\u00e9p\u00edteni, azaz szerves r\u00e9sz\u00e9t k\u00e9pezik a homlokzati elemeknek. \u00c1ltal\u00e1ban k\u00f6zvetlen\u00fcl a f\u00f6d\u00e9m al\u00e1 ker\u00fcl be\u00e9p\u00edt\u00e9sre, \u00edgy megsp\u00f3rolva az \u00e1thidal\u00f3kat. Emellett eszt\u00e9tikailag is kedvez\u0151 megold\u00e1s, mivel nem jelenik meg az \u00e9p\u00fclet k\u00fcls\u0151 s\u00edkj\u00e1n. A red\u0151nytok k\u00edv\u00fclr\u0151l \u00e9s\/vagy bel\u00fclr\u0151l vakolhat\u00f3 kivitel\u0171 is lehet, ez\u00e1ltal teljesen elt\u00fcntetve azt, \u00edgy biztos\u00edtva az egys\u00e9ges megjelen\u00e9s\u0171 burkolatot-falszerkezetet.<\/p>\n<p style=\"text-align: justify;\">Alapvet\u0151en dupla m\u0171anyag lefut\u00f3s\u00ednnel k\u00e9sz\u00fclnek, \u00edgy b\u00e1rmikor elhelyezhet\u0151 benn\u00fck az integr\u00e1lt rol\u00f3s sz\u00fanyogh\u00e1l\u00f3, de lehet alum\u00ednium vezet\u0151s\u00ednes is, ha szeretn\u00e9nk az alapsz\u00ednekt\u0151l elt\u00e9r\u0151 kialak\u00edt\u00e1st. Lamell\u00e1zat m\u0171anyag \u00e9s alum\u00ednium is lehet egyar\u00e1nt, figyelembe v\u00e9ve a m\u0171anyag lamell\u00e1k m\u00e9retkorl\u00e1tait. Ezen m\u0171anyag red\u0151ny\u00f6k kiv\u00e1l\u00f3 hangszigetel\u00e9s\u0171ek is, mivel a k\u00e9zi m\u0171k\u00f6dtet\u00e9sn\u00e9l (gurtni, esetleg zsin\u00f3r) nem kell a ny\u00edl\u00e1sz\u00e1r\u00f3 tokj\u00e1t \u00e1tf\u00farni, hanem k\u00f6zvetlen\u00fcl a m\u0171anyag red\u0151nytokb\u00f3l van az kivezetve \u00e9s a red\u0151ny automat\u00e1ba elhelyezve. A cs\u0151motoros m\u0171k\u00f6dtet\u00e9s sor\u00e1n, a red\u0151nytok oldallapj\u00e1n kereszt\u00fcl kivezetett vezet\u00e9ken lehet a sz\u00fcks\u00e9ges \u00e1ramot biztos\u00edtani. R\u00e9gi b\u00e9rh\u00e1zak h\u0151szigetel\u00e9ssel nem rendelkez\u0151 red\u0151nyeinek kiv\u00e1lt\u00e1s\u00e1ra is alkalmas ez a rendszer, azonban az \u00faj red\u0151nytokok konstans m\u00e9ret\u00e9nek k\u00f6sz\u00f6nhet\u0151en az \u00e1ltal\u00e1ban megmarad\u00f3 h\u00e9zagokat ut\u00f3lagosan k\u00fcl\u00f6n le kell szigetelni, \u00e9s burkolni. \u00daj \u00e9p\u00edtkez\u00e9sekn\u00e9l el\u0151szeretettel haszn\u00e1lnak olyan fels\u0151 tokos rendszert, mely egyben \u00e1thidal\u00f3k\u00e9nt is m\u0171k\u00f6dik, ilyenkor term\u00e9szetesen m\u00e1r a tervez\u00e9si f\u00e1zisban \u00e9rdemes egyeztetni vel\u00fcnk. M\u0171k\u00f6dtet\u00e9s\u00e9t \u00e9s sz\u00ednv\u00e1laszt\u00e9k\u00e1t tekintve mindenben megegyezik a k\u00fcls\u0151 tokos rendszerekkel, ugyancsak integr\u00e1lhat\u00f3 bele sz\u00fanyogh\u00e1l\u00f3, illetve erk\u00e9lyajt\u00f3kn\u00e1l szerelhet\u0151 r\u00e1 b\u00e1rmely t\u00edpus\u00fa sz\u00fanyogh\u00e1l\u00f3 ajt\u00f3 is. K\u00f6nny\u0171 szerelhet\u0151s\u00e9ge miatt nagyon j\u00f3 v\u00e1laszt\u00e1s. Amire \u00e9rdemes odafigyelni, hogy a ny\u00edl\u00e1sz\u00e1r\u00f3 be\u00e9p\u00edt\u00e9si s\u00edkja a red\u0151nyl\u00e1bak miatt beljebb ker\u00fcl kb. 5 centim\u00e9terrel, ez megv\u00e1ltoztathatja a k\u00fcls\u0151-bels\u0151 p\u00e1rk\u00e1nyok ar\u00e1ny\u00e1t. Tervez\u00e9s sor\u00e1n \u00e9rdemes felvenni vel\u00fcnk a kapcsolatot \u00e9s be\u00e9p\u00edt\u00e9si csom\u00f3pontokat is tudunk biztos\u00edtani a t\u00f6k\u00e9letes kivitelez\u00e9s \u00e9rdek\u00e9ben.<\/p>\n<div class=\"erdeklodom\"><a href=\"https:\/\/confector.hu\/nyilaszaro\/kapcsolat\">\u00c9rdekl\u0151d\u00f6m <i class=\"fa fa-arrow-circle-right\"><\/i><\/a><\/div>\n","protected":false},"excerpt":{"rendered":"<p>M\u0171anyag red\u0151nypalett\u00e1nk &nbsp; A m\u0171anyag red\u0151ny\u00f6knek k\u00e9t fajt\u00e1j\u00e1t k\u00fcl\u00f6nb\u00f6ztetj\u00fck meg: El\u00e9 \u00e9p\u00edtett vagy k\u00fcls\u0151 tokos; f\u00f6l\u00e9 \u00e9p\u00edtett vagy fels\u0151 tokos red\u0151ny rendszert. A m\u0171anyag red\u0151ny\u00f6k legf\u0151bb el\u0151nye, hogy olcs\u00f3 \u00e1rfekv\u00e9s\u00fck mellett biztos\u00edtj\u00e1k mindazt (\u00e9rtve ez alatt a t\u00f6k\u00e9letes f\u00e9nyz\u00e1r\u00e1st \u00e9s megfelel\u0151 h\u0151- \u00e9s hangszigetel\u00e9st), amit egy red\u0151nyt\u0151l elv\u00e1runk. &nbsp; K\u00fcls\u0151 tokos m\u0171anyag red\u0151ny\u00f6k &nbsp; A [&hellip;]<\/p>\n","protected":false},"author":2,"featured_media":0,"parent":0,"menu_order":0,"comment_status":"closed","ping_status":"open","template":"","meta":{"footnotes":""},"class_list":["post-270","page","type-page","status-publish","hentry"],"aioseo_notices":[],"_links":{"self":[{"href":"https:\/\/confector.hu\/nyilaszaro\/wp-json\/wp\/v2\/pages\/270","targetHints":{"allow":["GET"]}}],"collection":[{"href":"https:\/\/confector.hu\/nyilaszaro\/wp-json\/wp\/v2\/pages"}],"about":[{"href":"https:\/\/confector.hu\/nyilaszaro\/wp-json\/wp\/v2\/types\/page"}],"author":[{"embeddable":true,"href":"https:\/\/confector.hu\/nyilaszaro\/wp-json\/wp\/v2\/users\/2"}],"replies":[{"embeddable":true,"href":"https:\/\/confector.hu\/nyilaszaro\/wp-json\/wp\/v2\/comments?post=270"}],"version-history":[{"count":12,"href":"https:\/\/confector.hu\/nyilaszaro\/wp-json\/wp\/v2\/pages\/270\/revisions"}],"predecessor-version":[{"id":1454,"href":"https:\/\/confector.hu\/nyilaszaro\/wp-json\/wp\/v2\/pages\/270\/revisions\/1454"}],"wp:attachment":[{"href":"https:\/\/confector.hu\/nyilaszaro\/wp-json\/wp\/v2\/media?parent=270"}],"curies":[{"name":"wp","href":"https:\/\/api.w.org\/{rel}","templated":true}]}}