{"id":262,"date":"2015-08-17T07:23:11","date_gmt":"2015-08-17T06:23:11","guid":{"rendered":"https:\/\/confector.hu\/nyilaszaro\/?page_id=262"},"modified":"2024-11-05T12:01:19","modified_gmt":"2024-11-05T11:01:19","slug":"biztonsagi-ajto","status":"publish","type":"page","link":"https:\/\/confector.hu\/nyilaszaro\/biztonsagi-ajto\/","title":{"rendered":"Biztons\u00e1gi ajt\u00f3"},"content":{"rendered":"<h3>Robusztus, biztons\u00e1gos ajt\u00f3k<\/h3>\n<p>&nbsp;<\/p>\n<p style=\"text-align: justify;\"><strong><\/strong>Ha \u00d6nnek a biztons\u00e1g az els\u0151rend\u0171 szempont, az ac\u00e9l biztons\u00e1gi ajt\u00f3 csal\u00e1dunkat \u00d6nnek tal\u00e1lt\u00e1k ki. Sz\u00e9les k\u00f6rben felhaszn\u00e1lhat\u00f3, eszt\u00e9tikus, tart\u00f3s ajt\u00f3kat k\u00edn\u00e1lunk t\u00e1rsash\u00e1zak z\u00e1rt folyos\u00f3ir\u00f3l ny\u00edl\u00f3 lak\u00e1sok bej\u00e1rati ajt\u00f3ihoz, panelh\u00e1zak lak\u00e1sbej\u00e1rati ajt\u00f3ihoz, az \u00fczletek, irod\u00e1k bej\u00e1rataihoz, valamint olyan ingatlanokhoz, melyeknek bet\u00f6r\u00e9s szempontj\u00e1b\u00f3l legsebezhet\u0151bb pontja a bej\u00e1rati ajt\u00f3. Az ajt\u00f3k k\u00fcl\u00f6nb\u00f6z\u0151 kialak\u00edt\u00e1s\u00faak, att\u00f3l f\u00fcgg\u0151en, hogy f\u0171tetlen k\u00fcls\u0151 teret v\u00e1lasztanak el f\u0171t\u00f6tt bels\u0151 t\u00e9rt\u0151l, vagy k\u00e9t temper\u00e1lt helyis\u00e9get v\u00e1lasztanak el. Biztons\u00e1gi kateg\u00f3ri\u00e1juk az \u00e1ltal\u00e1nos lak\u00e1s bej\u00e1rati ajt\u00f3t\u00f3l az extr\u00e9m biztons\u00e1g\u00fa antiterrorista kivitelig terjed. Egyedi gy\u00e1rt\u00e1s lehet\u0151s\u00e9get ad a m\u00e9retek felm\u00e9r\u00e9s sor\u00e1n t\u00f6rt\u00e9n\u0151 meg\u00e1llap\u00edt\u00e1s\u00e1ra, \u00edgy minden ajt\u00f3 pontosan akkor\u00e1ra k\u00e9sz\u00fcl, amekkora a fogad\u00f3 falny\u00edl\u00e1s. Szolg\u00e1ltat\u00e1sunk az \u00e1raj\u00e1nlat ad\u00e1st\u00f3l a MABISZ ir\u00e1nyelvek szerinti be\u00e9p\u00edt\u00e9sig lefedi a bej\u00e1rati ajt\u00f3 megval\u00f3s\u00edt\u00e1s\u00e1nak teljes folyamat\u00e1t.<\/p>\n<p>&nbsp;<\/p>\n<h3>MABISZ 3\u2019 \u2013 ac\u00e9lszerkezet\u0171 biztons\u00e1gi ajt\u00f3 \u2013 SIMPLE<\/h3>\n<p>&nbsp;<\/p>\n<h4 style=\"text-align: justify;\">Biztons\u00e1gi ajt\u00f3 alap felszerelts\u00e9g:<\/h4>\n<ul>\n<li>Idomac\u00e9l tokszerkezet hang \u00e9s h\u0151szigetel\u0151 anyaggal kit\u00f6ltve (Therwolin);<\/li>\n<li>Tokszerkezetben k\u00f6rbefut\u00f3 gumit\u00f6m\u00edt\u00e9s (Trelleborg);<\/li>\n<li>Leemel\u00e9s \u00e9s befesz\u00edt\u00e9s elleni v\u00e9delem;<\/li>\n<li>Idomac\u00e9l ajt\u00f3szerkezet, a burkolatok k\u00f6z\u00f6tt max. 100 x 300 mm-es kioszt\u00e1s\u00fa hegesztett, idomac\u00e9l r\u00e1csszerkezet, \u00fcvegsz\u00e1lgyapot szigetel\u00e9ssel kit\u00f6ltve;<\/li>\n<li>3 db egyedi, bronzperselyen forg\u00f3, hegesztett kivitel\u0171 ajt\u00f3p\u00e1nt;<\/li>\n<li><strong>F\u0151z\u00e1r: <\/strong>SECUREMME 2017-es, k\u00e9ttoll\u00fa kulccsal z\u00e1r\u00f3d\u00f3, csapdaz\u00e1rnyelves, egy ir\u00e1nyba, 2 \u00fctemben 3 ponton reteszel\u0151 biztons\u00e1gi z\u00e1r \u2013 3 db kulccsal;<\/li>\n<li><strong>M\u00e1sodz\u00e1r: <\/strong>SECUREMME 2020-as, k\u00e9ttoll\u00fa kulccsal z\u00e1r\u00f3d\u00f3, egy ir\u00e1nyba, 4\u00fctemben 4 ponton reteszel\u0151 biztons\u00e1gi z\u00e1r \u2013 3 db kulccsal;<\/li>\n<li>Ajt\u00f3p\u00e1ntok fel\u0151l 3db passz\u00edv, oldalir\u00e1nyba 7 db akt\u00edv (mind\u00f6sszesen 10 db) z\u00e1r\u00f3d\u00e1si pont;<\/li>\n<li>N\u00e9gyzet alak\u00fa sz\u00e1lcsiszolt kr\u00f3m, vagy r\u00e9z rozetta, porv\u00e9d\u0151vel a bels\u0151 oldalon;<\/li>\n<li>K\u00edv\u00fcl \u00e9s bel\u00fcl a 10 legkedveltebb sz\u00ednb\u0151l v\u00e1laszthat\u00f3 HDF dekorlemez burkolat;<\/li>\n<li>1 p\u00e1r kilincsk\u00e9szlet hozz\u00e1val\u00f3 kr\u00f3mozott kulcsc\u00edmmel, \u00e9s kr\u00f3mozott rozett\u00e1val.<\/li>\n<\/ul>\n<h4>MABISZ 3\u2019 SIMPLE kivitel\u0171 ac\u00e9lszerkezet\u0171 biztons\u00e1gi bej\u00e1rati ajt\u00f3 szerkezeti v\u00e1zlatrajza:<br \/>\n<img loading=\"lazy\" decoding=\"async\" src=\"https:\/\/confector.hu\/nyilaszaro\/wp-content\/uploads\/2015\/08\/biztonsagi-ajto-simple.jpg\" alt=\"biztonsagi-ajto-simple\" class=\"alignnone size-full wp-image-488\" width=\"420\" height=\"441\" srcset=\"https:\/\/confector.hu\/nyilaszaro\/wp-content\/uploads\/2015\/08\/biztonsagi-ajto-simple.jpg 420w, https:\/\/confector.hu\/nyilaszaro\/wp-content\/uploads\/2015\/08\/biztonsagi-ajto-simple-286x300.jpg 286w\" sizes=\"auto, (max-width: 420px) 100vw, 420px\" \/><\/h4>\n<hr \/>\n<h3>MABISZ 3\u2019 \u2013 ac\u00e9lszerkezet\u0171 biztons\u00e1gi ajt\u00f3 \u2013 STANDARD<\/h3>\n<p>&nbsp;<\/p>\n<h4>Biztons\u00e1gi ajt\u00f3 alap felszerelts\u00e9g:<\/h4>\n<ul>\n<li>Ajt\u00f3p\u00e1ntok fel\u0151l 3 db passz\u00edv \u00e9s oldalir\u00e1nyba 9 db akt\u00edv (mind\u00f6sszesen 12 db) z\u00e1r\u00f3d\u00e1si pont;<\/li>\n<li>Idomac\u00e9l tokszerkezet hang \u00e9s h\u0151szigetel\u0151 anyaggal kit\u00f6ltve (Therwolin);<\/li>\n<li>Tokszerkezetben k\u00f6rbefut\u00f3 gumit\u00f6m\u00edt\u00e9s (Trelleborg);<\/li>\n<li>Leemel\u00e9s \u00e9s befesz\u00edt\u00e9s elleni v\u00e9delem;<\/li>\n<li>Idomac\u00e9l ajt\u00f3szerkezet, a burkolatok k\u00f6z\u00f6tt max. 100 x 300 mm-es kioszt\u00e1s\u00fa hegesztett, idomac\u00e9l r\u00e1csszerkezet, \u00fcveggyapot szigetel\u00e9ssel kit\u00f6ltve;<\/li>\n<li>3 db egyedi, bronzperselyen forg\u00f3, hegesztett kivitel\u0171 ajt\u00f3p\u00e1nt;<\/li>\n<li><strong>F\u0151z\u00e1r: <\/strong>SECUREMME 2018 csapda-z\u00e1rnyelves, h\u00e1romir\u00e1ny\u00fa, k\u00e9ttoll\u00fa kulcsos z\u00e1r, 2<\/li>\n<li>\u00fctemben 3 ponton reteszel\u0151, 3 db kulccsal;<\/li>\n<li><strong>M\u00e1sodz\u00e1r: <\/strong>SECUREMME 2020 k\u00e9ttoll\u00fa kulcsos z\u00e1r, 4 \u00fctemben 4 ponton z\u00e1r\u00f3d\u00f3, 3 db kulccsal;<\/li>\n<li>K\u00edv\u00fcl \u00e9s bel\u00fcl a 10 legkedveltebb sz\u00ednb\u0151l v\u00e1laszthat\u00f3 HDF dekorlemez burkolat;<\/li>\n<li>N\u00e9gyzet alak\u00fa sz\u00e1lcsiszolt kr\u00f3m, vagy r\u00e9z rozetta, porv\u00e9d\u0151vel a bels\u0151 oldalon;<\/li>\n<li>1 p\u00e1r kilincsk\u00e9szlet hozz\u00e1val\u00f3 c\u00edmmel;<\/li>\n<\/ul>\n<h4>MABISZ 3\u2019 STANDARD kivitel\u0171 ac\u00e9lszerkezet\u0171 biztons\u00e1gi bej\u00e1rati ajt\u00f3 szerkezeti v\u00e1zlatrajza:<br \/>\n<img loading=\"lazy\" decoding=\"async\" src=\"https:\/\/confector.hu\/nyilaszaro\/wp-content\/uploads\/2015\/08\/biztonsagi-ajto-standard.jpg\" alt=\"biztonsagi-ajto-standard\" class=\"alignnone size-full wp-image-489\" width=\"420\" height=\"450\" srcset=\"https:\/\/confector.hu\/nyilaszaro\/wp-content\/uploads\/2015\/08\/biztonsagi-ajto-standard.jpg 420w, https:\/\/confector.hu\/nyilaszaro\/wp-content\/uploads\/2015\/08\/biztonsagi-ajto-standard-280x300.jpg 280w\" sizes=\"auto, (max-width: 420px) 100vw, 420px\" \/><\/h4>\n<hr \/>\n<h3>MABISZ 5\u2019 \u2013 ac\u00e9lszerkezet\u0171 biztons\u00e1gi ajt\u00f3 \u2013 PR\u00c9MIUM<\/h3>\n<p>&nbsp;<\/p>\n<h4>Biztons\u00e1gi ajt\u00f3 alap felszerelts\u00e9g:<\/h4>\n<ul>\n<li>Ajt\u00f3p\u00e1ntok fel\u0151l 5 db passz\u00edv, oldalir\u00e1nyba valamint le \u00e9s f\u00f6l 10 db akt\u00edv (mind\u00f6sszesen 15 db) z\u00e1r\u00f3d\u00e1si pont;<\/li>\n<li>Idomac\u00e9l tokszerkezet hang- \u00e9s h\u0151szigetel\u0151 anyaggal kit\u00f6ltve, rajta k\u00f6rbefut\u00f3 gumit\u00f6m\u00edt\u00e9s;<\/li>\n<li>Leemel\u00e9s \u00e9s befesz\u00edt\u00e9s elleni v\u00e9delem;<\/li>\n<li>Idomac\u00e9l ajt\u00f3szerkezet, a burkolatok k\u00f6z\u00f6tt max. 100 x 300 mm-es kioszt\u00e1s\u00fa hegesztett, idomac\u00e9l r\u00e1csszerkezet, \u00fcveggyapot szigetel\u00e9ssel kit\u00f6ltve;<\/li>\n<li>3 mm vastag ac\u00e9llemez meger\u0151s\u00edt\u00e9s a z\u00e1rak \u00e9s a reteszek f\u00f6l\u00f6tt a t\u00e1mad\u00e1s fel\u00f6li oldalon;<\/li>\n<li>3 db egyedi, bronzperselyen forg\u00f3, hegesztett kivitel\u0171 ajt\u00f3p\u00e1nt;<\/li>\n<li><strong>F\u0151z\u00e1r: <\/strong>SECUREMME 2500 csapda-z\u00e1rnyelves, h\u00e1romir\u00e1ny\u00fa, k\u00e9ttoll\u00fa kulcsos z\u00e1r, cser\u00e9lhet\u0151 bels\u0151 maggal (NUCLEO) 4 \u00fctemben 4 + 2 ponton reteszel\u0151, 3 db kulccsal;<\/li>\n<li><strong>M\u00e1sodz\u00e1r: <\/strong>SECUREMME 2020 k\u00e9ttoll\u00fa kulcsos z\u00e1r, 4 \u00fctemben 4 ponton z\u00e1r\u00f3d\u00f3, 3 db kulccsal;<\/li>\n<li>K\u00edv\u00fcl \u00e9s bel\u00fcl a 10 legkedveltebb sz\u00ednb\u0151l v\u00e1laszthat\u00f3 HDF dekorlemez burkolat;<\/li>\n<li>\u201eDesign\u201d sz\u00e1lcsiszolt kr\u00f3m, vagy r\u00e9z rozetta, porv\u00e9d\u0151vel a bels\u0151 oldalon;<\/li>\n<li>1 p\u00e1r kilincsk\u00e9szlet hozz\u00e1val\u00f3 c\u00edmmel;<\/li>\n<\/ul>\n<h4 style=\"text-align: justify;\">MABISZ 5\u2019 PR\u00c9MIUM kivitel\u0171 ac\u00e9lszerkezet\u0171 biztons\u00e1gi bej\u00e1rati ajt\u00f3 szerkezeti v\u00e1zlatrajza:<\/h4>\n<p style=\"text-align: justify;\"><img loading=\"lazy\" decoding=\"async\" src=\"https:\/\/confector.hu\/nyilaszaro\/wp-content\/uploads\/2015\/08\/biztonsagi-ajto-premium.jpg\" alt=\"biztonsagi-ajto-premium\" class=\"alignnone size-full wp-image-490\" width=\"420\" height=\"443\" srcset=\"https:\/\/confector.hu\/nyilaszaro\/wp-content\/uploads\/2015\/08\/biztonsagi-ajto-premium.jpg 420w, https:\/\/confector.hu\/nyilaszaro\/wp-content\/uploads\/2015\/08\/biztonsagi-ajto-premium-284x300.jpg 284w\" sizes=\"auto, (max-width: 420px) 100vw, 420px\" \/><\/p>\n<div class=\"erdeklodom\"><a href=\"https:\/\/confector.hu\/nyilaszaro\/kapcsolat\">\u00c9rdekl\u0151d\u00f6m <i class=\"fa fa-arrow-circle-right\"><\/i><\/a><\/div>\n","protected":false},"excerpt":{"rendered":"<p>Robusztus, biztons\u00e1gos ajt\u00f3k &nbsp; Ha \u00d6nnek a biztons\u00e1g az els\u0151rend\u0171 szempont, az ac\u00e9l biztons\u00e1gi ajt\u00f3 csal\u00e1dunkat \u00d6nnek tal\u00e1lt\u00e1k ki. Sz\u00e9les k\u00f6rben felhaszn\u00e1lhat\u00f3, eszt\u00e9tikus, tart\u00f3s ajt\u00f3kat k\u00edn\u00e1lunk t\u00e1rsash\u00e1zak z\u00e1rt folyos\u00f3ir\u00f3l ny\u00edl\u00f3 lak\u00e1sok bej\u00e1rati ajt\u00f3ihoz, panelh\u00e1zak lak\u00e1sbej\u00e1rati ajt\u00f3ihoz, az \u00fczletek, irod\u00e1k bej\u00e1rataihoz, valamint olyan ingatlanokhoz, melyeknek bet\u00f6r\u00e9s szempontj\u00e1b\u00f3l legsebezhet\u0151bb pontja a bej\u00e1rati ajt\u00f3. Az ajt\u00f3k k\u00fcl\u00f6nb\u00f6z\u0151 kialak\u00edt\u00e1s\u00faak, [&hellip;]<\/p>\n","protected":false},"author":2,"featured_media":0,"parent":0,"menu_order":0,"comment_status":"closed","ping_status":"open","template":"","meta":{"footnotes":""},"class_list":["post-262","page","type-page","status-publish","hentry"],"aioseo_notices":[],"_links":{"self":[{"href":"https:\/\/confector.hu\/nyilaszaro\/wp-json\/wp\/v2\/pages\/262","targetHints":{"allow":["GET"]}}],"collection":[{"href":"https:\/\/confector.hu\/nyilaszaro\/wp-json\/wp\/v2\/pages"}],"about":[{"href":"https:\/\/confector.hu\/nyilaszaro\/wp-json\/wp\/v2\/types\/page"}],"author":[{"embeddable":true,"href":"https:\/\/confector.hu\/nyilaszaro\/wp-json\/wp\/v2\/users\/2"}],"replies":[{"embeddable":true,"href":"https:\/\/confector.hu\/nyilaszaro\/wp-json\/wp\/v2\/comments?post=262"}],"version-history":[{"count":16,"href":"https:\/\/confector.hu\/nyilaszaro\/wp-json\/wp\/v2\/pages\/262\/revisions"}],"predecessor-version":[{"id":1453,"href":"https:\/\/confector.hu\/nyilaszaro\/wp-json\/wp\/v2\/pages\/262\/revisions\/1453"}],"wp:attachment":[{"href":"https:\/\/confector.hu\/nyilaszaro\/wp-json\/wp\/v2\/media?parent=262"}],"curies":[{"name":"wp","href":"https:\/\/api.w.org\/{rel}","templated":true}]}}