{"id":258,"date":"2015-08-17T07:22:46","date_gmt":"2015-08-17T06:22:46","guid":{"rendered":"https:\/\/confector.hu\/nyilaszaro\/?page_id=258"},"modified":"2024-11-05T12:01:19","modified_gmt":"2024-11-05T11:01:19","slug":"aluminium-bejarati-ajto","status":"publish","type":"page","link":"https:\/\/confector.hu\/nyilaszaro\/aluminium-bejarati-ajto\/","title":{"rendered":"Alum\u00ednium bej\u00e1rati ajt\u00f3"},"content":{"rendered":"<h3>Alum\u00ednium bej\u00e1rati ajt\u00f3 term\u00e9kpalett\u00e1nk<\/h3>\n<p>&nbsp;<\/p>\n<p style=\"text-align: justify;\">Az \u00e1ltalunk gy\u00e1rtott alum\u00ednium bej\u00e1rati ajt\u00f3knak, alum\u00ednium port\u00e1loknak magas k\u00f6vetelm\u00e9nyeknek kell megfelelni\u00fck. Haszn\u00e1lati szempontb\u00f3l elengedhetetlen a k\u00f6nny\u0171, kifog\u00e1stalan nyit\u00e1s \u00e9s csuk\u00f3d\u00e1s nagy forgalom eset\u00e9n is. Meg kell felelni\u00fck tov\u00e1bb\u00e1 a biztons\u00e1gtechnikai k\u00f6vetelm\u00e9nyeknek, ami kiterjed a t\u0171zv\u00e9delemre, f\u00fcstg\u00e1tl\u00e1sra, menek\u00fcl\u0151 \u00fatvonalakra, \u00e9s nagy hangs\u00falyt fektet a bet\u00f6r\u00e9sbiztons\u00e1gra is. Nem utols\u00f3 szempont az eszt\u00e9tikai megjelen\u00e9s sem, hogy b\u00e1rmilyen \u00e9p\u00edt\u00e9szeti k\u00f6rnyezethez illeszthet\u0151 legyen. A rendszertartoz\u00e9kok \u00e9s vasalatok, foganty\u00fak, illetve kilincsek garant\u00e1lj\u00e1k a j\u00f3 megjelen\u00e9st \u00e9s magas min\u0151s\u00e9get.<\/p>\n<p style=\"text-align: justify;\">Rendszereink k\u00f6z\u00f6tt megk\u00fcl\u00f6nb\u00f6ztet\u00fcnk h\u0151hidas \u00e9s h\u0151h\u00eddmentes rendszereket. A k\u00e9t t\u00edpus k\u00f6z\u00f6tt a legf\u0151bb k\u00fcl\u00f6nbs\u00e9g, hogy a h\u0151h\u00eddmentes profil nem rendelkezik h\u0151h\u00edd megszak\u00edt\u00f3val, ez\u00e1ltal csak azonos h\u0151m\u00e9rs\u00e9klet\u0171 terek elv\u00e1laszt\u00e1s\u00e1ra alkalmas. M\u0171szaki szempontb\u00f3l ugyanazzal a tartalommal lehet felszerelni mindk\u00e9t rendszert, ami lehet bel\u00e9ptet\u0151, vagy ak\u00e1r teljesen automatiz\u00e1lt ajt\u00f3 is. Az ajt\u00f3k k\u00fcl\u00f6nb\u00f6z\u0151 opci\u00f3kkal rendelhet\u0151ek: automata k\u00fcsz\u00f6b; sz\u00e1rnyat eltakar\u00f3 ajt\u00f3lap; p\u00e1nikvasalat; r\u00e1di\u00f3ir\u00e1ny\u00edt\u00e1s stb. A nyit\u00e1s szabad m\u0171k\u00f6d\u00e9s\u00e9t a fokozatmentes Sch\u00fcco rendszerp\u00e1ntok teszik lehet\u0151v\u00e9, melyek fokozatmentesen \u00e1ll\u00edthat\u00f3ak 3 ir\u00e1nyban. Az \u00f6sszes Sch\u00fcco alum\u00ednium ajt\u00f3 j\u00f3l behelyezhet\u0151 b\u00e1rmelyik Sch\u00fcco f\u00fcgg\u00f6nyfal rendszerbe, \u00edgy teljes homlokzatok is kialak\u00edthat\u00f3ak.<\/p>\n<p>&nbsp;<\/p>\n<h3>Sch\u00fcco ADS 50.NI alum\u00ednium bej\u00e1rati ajt\u00f3<\/h3>\n<p style=\"text-align: justify;\">A h\u0151szigetel\u00e9ssel nem rendelkez\u0151 ADS 50.NI profilcsal\u00e1d bels\u0151 helys\u00e9gekben alkalmazhat\u00f3, 50 mm-es kis be\u00e9p\u00edt\u00e9si m\u00e9lys\u00e9g\u0171 rendszer. Sokoldal\u00faan integr\u00e1lhat\u00f3k k\u00fcl\u00f6nb\u00f6z\u0151 \u00e9p\u00fcletautomatiz\u00e1l\u00f3 rendszerekkel, amelyek minden el\u0151\u00edr\u00e1snak megfelelnek. A v\u00e9gfelhaszn\u00e1l\u00f3knak \u00e9s tervez\u0151knek sz\u00e1mos vari\u00e1ci\u00f3t k\u00edn\u00e1l az ig\u00e9nyek megval\u00f3s\u00edt\u00e1s\u00e1hoz. K\u00e9t, azonos h\u0151m\u00e9rs\u00e9klet\u0171 helyis\u00e9g elv\u00e1laszt\u00e1s\u00e1t eszt\u00e9tikusan \u00e9s tart\u00f3san oldhatjuk meg a Sch\u00fcco 50.NI profilcsal\u00e1db\u00f3l k\u00e9sz\u00fclt alum\u00ednium ajt\u00f3kkal.<\/p>\n<p style=\"text-align: justify;\"><img loading=\"lazy\" decoding=\"async\" src=\"https:\/\/confector.hu\/nyilaszaro\/wp-content\/uploads\/2015\/08\/aluminium-bejarati-ajto-ads50-1.jpg\" alt=\"aluminium-bejarati-ajto-ads50-1\" class=\"alignnone size-full wp-image-499\" height=\"420\" width=\"420\" srcset=\"https:\/\/confector.hu\/nyilaszaro\/wp-content\/uploads\/2015\/08\/aluminium-bejarati-ajto-ads50-1.jpg 420w, https:\/\/confector.hu\/nyilaszaro\/wp-content\/uploads\/2015\/08\/aluminium-bejarati-ajto-ads50-1-150x150.jpg 150w, https:\/\/confector.hu\/nyilaszaro\/wp-content\/uploads\/2015\/08\/aluminium-bejarati-ajto-ads50-1-300x300.jpg 300w, https:\/\/confector.hu\/nyilaszaro\/wp-content\/uploads\/2015\/08\/aluminium-bejarati-ajto-ads50-1-81x81.jpg 81w, https:\/\/confector.hu\/nyilaszaro\/wp-content\/uploads\/2015\/08\/aluminium-bejarati-ajto-ads50-1-50x50.jpg 50w\" sizes=\"auto, (max-width: 420px) 100vw, 420px\" \/><img loading=\"lazy\" decoding=\"async\" src=\"https:\/\/confector.hu\/nyilaszaro\/wp-content\/uploads\/2015\/08\/aluminium-bejarati-ajto-ads50-2.jpg\" alt=\"aluminium-bejarati-ajto-ads50-2\" class=\"alignnone size-full wp-image-500\" height=\"189\" width=\"420\" srcset=\"https:\/\/confector.hu\/nyilaszaro\/wp-content\/uploads\/2015\/08\/aluminium-bejarati-ajto-ads50-2.jpg 420w, https:\/\/confector.hu\/nyilaszaro\/wp-content\/uploads\/2015\/08\/aluminium-bejarati-ajto-ads50-2-300x135.jpg 300w\" sizes=\"auto, (max-width: 420px) 100vw, 420px\" \/><\/p>\n<p>&nbsp;<\/p>\n<h3>Sch\u00fcco ADS 60 alum\u00ednium bej\u00e1rati ajt\u00f3<\/h3>\n<p style=\"text-align: justify;\">Sch\u00fcco ADS 60 alum\u00ednium bej\u00e1rati ajt\u00f3rendszer a legkisebb h\u0151szigetel\u00e9s\u0171, bel\u00e9p\u0151 kateg\u00f3ri\u00e1s h\u0151h\u00eddmentes alum\u00ednium rendszer, ami m\u00e1r teljes\u00edti az alap eur\u00f3pai h\u0151szigetel\u0151 norm\u00e1kat \u00e9s kiv\u00e1l\u00f3 \u00e1r-\u00e9rt\u00e9k ar\u00e1nnyal rendelkezik. 60mm-es be\u00e9p\u00edt\u00e9si m\u00e9lys\u00e9g\u00e9vel, er\u0151s profiljaival k\u00f6zkedvelt minden \u00e9p\u00edt\u00e9szeti k\u00f6rnyezetben. Kit\u0171n\u0151en illeszkedik AWS 60-as ablakrendszerhez, \u00edgy eg\u00e9sz homlokzatok kialak\u00edthat\u00f3ak bel\u0151l\u00fck.<\/p>\n<p style=\"text-align: justify;\"><img loading=\"lazy\" decoding=\"async\" src=\"https:\/\/confector.hu\/nyilaszaro\/wp-content\/uploads\/2015\/08\/aluminium-bejarati-ajto-ads60-1.jpg\" alt=\"aluminium-bejarati-ajto-ads60-1\" class=\"alignnone size-full wp-image-502\" height=\"420\" width=\"420\" srcset=\"https:\/\/confector.hu\/nyilaszaro\/wp-content\/uploads\/2015\/08\/aluminium-bejarati-ajto-ads60-1.jpg 420w, https:\/\/confector.hu\/nyilaszaro\/wp-content\/uploads\/2015\/08\/aluminium-bejarati-ajto-ads60-1-150x150.jpg 150w, https:\/\/confector.hu\/nyilaszaro\/wp-content\/uploads\/2015\/08\/aluminium-bejarati-ajto-ads60-1-300x300.jpg 300w, https:\/\/confector.hu\/nyilaszaro\/wp-content\/uploads\/2015\/08\/aluminium-bejarati-ajto-ads60-1-81x81.jpg 81w, https:\/\/confector.hu\/nyilaszaro\/wp-content\/uploads\/2015\/08\/aluminium-bejarati-ajto-ads60-1-50x50.jpg 50w\" sizes=\"auto, (max-width: 420px) 100vw, 420px\" \/><img loading=\"lazy\" decoding=\"async\" src=\"https:\/\/confector.hu\/nyilaszaro\/wp-content\/uploads\/2015\/08\/aluminium-bejarati-ajto-ads60-2.jpg\" alt=\"aluminium-bejarati-ajto-ads60-2\" class=\"alignnone size-full wp-image-503\" height=\"266\" width=\"420\" srcset=\"https:\/\/confector.hu\/nyilaszaro\/wp-content\/uploads\/2015\/08\/aluminium-bejarati-ajto-ads60-2.jpg 420w, https:\/\/confector.hu\/nyilaszaro\/wp-content\/uploads\/2015\/08\/aluminium-bejarati-ajto-ads60-2-300x190.jpg 300w\" sizes=\"auto, (max-width: 420px) 100vw, 420px\" \/><\/p>\n<p>&nbsp;<\/p>\n<h3>Sch\u00fcco ADS 70.HI alum\u00ednium bej\u00e1rati ajt\u00f3<\/h3>\n<p style=\"text-align: justify;\">Sch\u00fcco ADS 70.HI a fels\u0151-k\u00f6z\u00e9pkateg\u00f3ri\u00e1s alum\u00ednium bej\u00e1rati ajt\u00f3k m\u00e9lt\u00f3 k\u00e9pvisel\u0151je. Az ADS 70.HI bej\u00e1rati ajt\u00f3rendszer kit\u0171n\u0151 h\u0151szigetel\u00e9ssel rendelkez\u0151, 70 mm-es be\u00e9p\u00edt\u00e9si m\u00e9lys\u00e9g\u0171 alum\u00ednium profilrendszer. Opcion\u00e1lis kialak\u00edt\u00e1s\u00e1nak \u00e9s kieg\u00e9sz\u00edt\u0151inek k\u00f6sz\u00f6nhet\u0151en szinte minden \u00e9p\u00edt\u00e9szeti megold\u00e1sba j\u00f3l integr\u00e1lhat\u00f3. HD (er\u0151s\u00edtett sz\u00e1rnyprofil) rendszer\u00e9nek k\u00f6sz\u00f6nhet\u0151en eg\u00e9szen nagy sz\u00e1rnyak is gy\u00e1rthat\u00f3ak. Alkalmazhat\u00f3 a rendszern\u00e9l Sch\u00fcco rejtett p\u00e1nt, ami a falcba marva ak\u00e1r 160 kg-os sz\u00e1rny s\u00falyn\u00e1l is k\u00f6nnyed\u00e9n m\u0171k\u00f6dtethet\u0151.<\/p>\n<p style=\"text-align: justify;\"><img loading=\"lazy\" decoding=\"async\" src=\"https:\/\/confector.hu\/nyilaszaro\/wp-content\/uploads\/2015\/08\/aluminium-bejarati-ajto-ads70-1.jpg\" alt=\"aluminium-bejarati-ajto-ads70-1\" class=\"alignnone size-full wp-image-504\" height=\"420\" width=\"420\" srcset=\"https:\/\/confector.hu\/nyilaszaro\/wp-content\/uploads\/2015\/08\/aluminium-bejarati-ajto-ads70-1.jpg 420w, https:\/\/confector.hu\/nyilaszaro\/wp-content\/uploads\/2015\/08\/aluminium-bejarati-ajto-ads70-1-150x150.jpg 150w, https:\/\/confector.hu\/nyilaszaro\/wp-content\/uploads\/2015\/08\/aluminium-bejarati-ajto-ads70-1-300x300.jpg 300w, https:\/\/confector.hu\/nyilaszaro\/wp-content\/uploads\/2015\/08\/aluminium-bejarati-ajto-ads70-1-81x81.jpg 81w, https:\/\/confector.hu\/nyilaszaro\/wp-content\/uploads\/2015\/08\/aluminium-bejarati-ajto-ads70-1-50x50.jpg 50w\" sizes=\"auto, (max-width: 420px) 100vw, 420px\" \/><img loading=\"lazy\" decoding=\"async\" src=\"https:\/\/confector.hu\/nyilaszaro\/wp-content\/uploads\/2015\/08\/aluminium-bejarati-ajto-ads70-2.jpg\" alt=\"aluminium-bejarati-ajto-ads70-2\" class=\"alignnone size-full wp-image-505\" height=\"214\" width=\"420\" srcset=\"https:\/\/confector.hu\/nyilaszaro\/wp-content\/uploads\/2015\/08\/aluminium-bejarati-ajto-ads70-2.jpg 420w, https:\/\/confector.hu\/nyilaszaro\/wp-content\/uploads\/2015\/08\/aluminium-bejarati-ajto-ads70-2-300x153.jpg 300w\" sizes=\"auto, (max-width: 420px) 100vw, 420px\" \/><\/p>\n<p>&nbsp;<\/p>\n<h3>Sch\u00fcco ADS 75.SI alum\u00ednium bej\u00e1rati ajt\u00f3<\/h3>\n<p style=\"text-align: justify;\">A Sch\u00fcco ADS 75.SI bej\u00e1rati ajt\u00f3profil rendszer a Sch\u00fcco fels\u0151 kateg\u00f3ri\u00e1j\u00e1nak vezet\u0151 term\u00e9ke. Legnagyobb h\u0151szigetel\u00e9si \u00e9rt\u00e9kkel rendelkezik az alum\u00ednium ajt\u00f3rendszerek k\u00f6z\u00f6tt, \u00edgy ak\u00e1r passz\u00edvh\u00e1z sztenderdeknek is k\u00e9pes megfelelni. Ide\u00e1lis megold\u00e1s azokn\u00e1l az \u00e9p\u00fcletekn\u00e9l, ahol nagy figyelmet szentelnek az energiatakar\u00e9koss\u00e1gnak. A nagyon j\u00f3nak sz\u00e1m\u00edt\u00f3, ak\u00e1r 1,72-es Uf \u00e9rt\u00e9ket a profilba illesztett habbet\u00e9teknek k\u00f6sz\u00f6nheti.<\/p>\n<p style=\"text-align: justify;\"><img loading=\"lazy\" decoding=\"async\" src=\"https:\/\/confector.hu\/nyilaszaro\/wp-content\/uploads\/2015\/08\/aluminium-bejarati-ajto-ads75-1.jpg\" alt=\"aluminium-bejarati-ajto-ads75-1\" class=\"alignnone size-full wp-image-506\" height=\"392\" width=\"420\" srcset=\"https:\/\/confector.hu\/nyilaszaro\/wp-content\/uploads\/2015\/08\/aluminium-bejarati-ajto-ads75-1.jpg 420w, https:\/\/confector.hu\/nyilaszaro\/wp-content\/uploads\/2015\/08\/aluminium-bejarati-ajto-ads75-1-300x280.jpg 300w\" sizes=\"auto, (max-width: 420px) 100vw, 420px\" \/><img loading=\"lazy\" decoding=\"async\" src=\"https:\/\/confector.hu\/nyilaszaro\/wp-content\/uploads\/2015\/08\/aluminium-bejarati-ajto-ads75-2.jpg\" alt=\"aluminium-bejarati-ajto-ads75-2\" class=\"alignnone size-full wp-image-507\" height=\"237\" width=\"420\" srcset=\"https:\/\/confector.hu\/nyilaszaro\/wp-content\/uploads\/2015\/08\/aluminium-bejarati-ajto-ads75-2.jpg 420w, https:\/\/confector.hu\/nyilaszaro\/wp-content\/uploads\/2015\/08\/aluminium-bejarati-ajto-ads75-2-300x169.jpg 300w\" sizes=\"auto, (max-width: 420px) 100vw, 420px\" \/><\/p>\n<div class=\"erdeklodom\"><a href=\"https:\/\/confector.hu\/nyilaszaro\/kapcsolat\">\u00c9rdekl\u0151d\u00f6m <i class=\"fa fa-arrow-circle-right\"><\/i><\/a><\/div>\n","protected":false},"excerpt":{"rendered":"<p>Alum\u00ednium bej\u00e1rati ajt\u00f3 term\u00e9kpalett\u00e1nk &nbsp; Az \u00e1ltalunk gy\u00e1rtott alum\u00ednium bej\u00e1rati ajt\u00f3knak, alum\u00ednium port\u00e1loknak magas k\u00f6vetelm\u00e9nyeknek kell megfelelni\u00fck. Haszn\u00e1lati szempontb\u00f3l elengedhetetlen a k\u00f6nny\u0171, kifog\u00e1stalan nyit\u00e1s \u00e9s csuk\u00f3d\u00e1s nagy forgalom eset\u00e9n is. Meg kell felelni\u00fck tov\u00e1bb\u00e1 a biztons\u00e1gtechnikai k\u00f6vetelm\u00e9nyeknek, ami kiterjed a t\u0171zv\u00e9delemre, f\u00fcstg\u00e1tl\u00e1sra, menek\u00fcl\u0151 \u00fatvonalakra, \u00e9s nagy hangs\u00falyt fektet a bet\u00f6r\u00e9sbiztons\u00e1gra is. Nem utols\u00f3 szempont az [&hellip;]<\/p>\n","protected":false},"author":2,"featured_media":1128,"parent":0,"menu_order":0,"comment_status":"closed","ping_status":"open","template":"","meta":{"footnotes":""},"class_list":["post-258","page","type-page","status-publish","has-post-thumbnail","hentry"],"aioseo_notices":[],"_links":{"self":[{"href":"https:\/\/confector.hu\/nyilaszaro\/wp-json\/wp\/v2\/pages\/258","targetHints":{"allow":["GET"]}}],"collection":[{"href":"https:\/\/confector.hu\/nyilaszaro\/wp-json\/wp\/v2\/pages"}],"about":[{"href":"https:\/\/confector.hu\/nyilaszaro\/wp-json\/wp\/v2\/types\/page"}],"author":[{"embeddable":true,"href":"https:\/\/confector.hu\/nyilaszaro\/wp-json\/wp\/v2\/users\/2"}],"replies":[{"embeddable":true,"href":"https:\/\/confector.hu\/nyilaszaro\/wp-json\/wp\/v2\/comments?post=258"}],"version-history":[{"count":11,"href":"https:\/\/confector.hu\/nyilaszaro\/wp-json\/wp\/v2\/pages\/258\/revisions"}],"predecessor-version":[{"id":1138,"href":"https:\/\/confector.hu\/nyilaszaro\/wp-json\/wp\/v2\/pages\/258\/revisions\/1138"}],"wp:featuredmedia":[{"embeddable":true,"href":"https:\/\/confector.hu\/nyilaszaro\/wp-json\/wp\/v2\/media\/1128"}],"wp:attachment":[{"href":"https:\/\/confector.hu\/nyilaszaro\/wp-json\/wp\/v2\/media?parent=258"}],"curies":[{"name":"wp","href":"https:\/\/api.w.org\/{rel}","templated":true}]}}