{"id":256,"date":"2015-08-17T07:22:31","date_gmt":"2015-08-17T06:22:31","guid":{"rendered":"https:\/\/confector.hu\/nyilaszaro\/?page_id=256"},"modified":"2024-11-05T12:01:20","modified_gmt":"2024-11-05T11:01:20","slug":"rehau-bejarati-ajto","status":"publish","type":"page","link":"https:\/\/confector.hu\/nyilaszaro\/rehau-bejarati-ajto\/","title":{"rendered":"Rehau bej\u00e1rati ajt\u00f3"},"content":{"rendered":"<h3>Rehau bej\u00e1rati ajt\u00f3: kiv\u00e1l\u00f3 h\u0151szigetel\u00e9s \u00e9s eszt\u00e9tikum<\/h3>\n<p>&nbsp;<\/p>\n<p style=\"text-align: justify;\">REHAU profilokb\u00f3l k\u00e9sz\u00fclt bej\u00e1rati ajt\u00f3kra a rendk\u00edv\u00fcl nagy stabilit\u00e1s, a j\u00f3 h\u0151- \u00e9s hangszigetel\u00e9s, valamint a tart\u00f3s t\u00f6m\u00edtetts\u00e9g jellemz\u0151. Emellett minim\u00e1lis karbantart\u00e1st ig\u00e9nyelnek \u00e9s k\u00f6nnyen tiszt\u00edthat\u00f3k. Mindazt ny\u00fajtj\u00e1k, ami egy modern bej\u00e1rati ajt\u00f3t\u00f3l elv\u00e1rhat\u00f3. Alkalmasak \u00faj \u00e9p\u00fcletek modern illetve klasszikus megjelen\u00e9s\u0171 bej\u00e1rati ajtajainak kialak\u00edt\u00e1s\u00e1ra, tov\u00e1bb\u00e1 megl\u00e9v\u0151 bej\u00e1rati ajt\u00f3k cser\u00e9j\u00e9nek megval\u00f3s\u00edt\u00e1s\u00e1ra. Szerelhet\u0151ek kilinccsel \u00e9s foganty\u00faval, csapos vagy karmos biztons\u00e1gi vasalattal, illetve egy vagy k\u00e9t cilinderbet\u00e9ttel.<\/p>\n<p>&nbsp;<\/p>\n<h4>Kazett\u00e1s, \u00fcveges Rehau bej\u00e1rati ajt\u00f3:<\/h4>\n<p style=\"text-align: justify;\">Alapvet\u0151en 4 mm\u201316 mm Argong\u00e1z\u20134Low-E mm-es \u00fcveggel k\u00e9sz\u00fcl, b\u00e1rmilyen egyedi oszt\u00e1s, katedr\u00e1l \u00fcveg tehet\u0151 bele, illetve k\u00e9sz\u00fclhet hozz\u00e1 oldal- \u00e9s fel\u00fcl vil\u00e1g\u00edt\u00f3 (buk\u00f3, vagy fix).<\/p>\n<p>&nbsp;<\/p>\n<h4>D\u00edsz\u00edtett ajt\u00f3lappal szerelt Rehau bej\u00e1rati ajt\u00f3:<\/h4>\n<p style=\"text-align: justify;\">K\u00fcl\u00f6nb\u00f6z\u0151 h\u0151szigetelt panelokkal k\u00e9sz\u00fclhetnek t\u00f6m\u00f6r, katedr\u00e1l-\u00fcveges, festett- \u00fcveges, csiszolt-\u00fcveges v\u00e1ltozatban. A panelok mindegyike tartalmaz MDF, alum\u00ednium- vagy ac\u00e9l-merev\u00edt\u00e9st. A kazett\u00e1s ajt\u00f3khoz is k\u00e9sz\u00fclhet oldalvil\u00e1g\u00edt\u00f3 (egyes esetekben GBW panellal) ill. fel\u00fclvil\u00e1g\u00edt\u00f3. Az ajt\u00f3k sz\u00ednei (az alap feh\u00e9ren k\u00edv\u00fcl), k\u00f6zel 50 f\u00e9le f\u00f3li\u00e1b\u00f3l v\u00e1laszhat\u00f3. Term\u00e9kv\u00e1laszt\u00e9kunkat itt n\u00e9zhetik meg: <strong><a target=\"_blank\" href=\"https:\/\/confector.hu\/nyilaszaro\/wp-content\/uploads\/2015\/08\/Bejarati-ajtopanel-katalogus.pdf\" rel=\"noopener\">Rehau bej\u00e1rati ajt\u00f3panel katal\u00f3gus (pdf)<\/a><\/strong><\/p>\n<p><span><\/span><\/p>\n<p>&nbsp;<\/p>\n<h3>Rehau bej\u00e1rati ajt\u00f3 profilcsal\u00e1djaink<\/h3>\n<h4>THERMO 60 bej\u00e1ratiajt\u00f3-rendszer<\/h4>\n<ul>\n<li><img loading=\"lazy\" decoding=\"async\" src=\"https:\/\/confector.hu\/nyilaszaro\/wp-content\/uploads\/2015\/08\/rehau-bejarati-ajto-thermo60.jpg\" alt=\"rehau-bejarati-ajto-thermo60\" class=\" size-full wp-image-532 alignright\" height=\"280\" width=\"420\" srcset=\"https:\/\/confector.hu\/nyilaszaro\/wp-content\/uploads\/2015\/08\/rehau-bejarati-ajto-thermo60.jpg 420w, https:\/\/confector.hu\/nyilaszaro\/wp-content\/uploads\/2015\/08\/rehau-bejarati-ajto-thermo60-300x200.jpg 300w\" sizes=\"auto, (max-width: 420px) 100vw, 420px\" \/>Modern design;<\/li>\n<li>Kiv\u00e1l\u00f3 min\u0151s\u00e9g\u0171 fel\u00fclet;<\/li>\n<li>T\u00f6bbkamr\u00e1s kialak\u00edt\u00e1s;<\/li>\n<li>60 mm-es szerkezeti m\u00e9lys\u00e9g;<\/li>\n<li>Csap\u00f3es\u0151 elleni v\u00e9delem C ig\u00e9nybev\u00e9teli oszt\u00e1lyig (100 m \u00e9p\u00fcletmagass\u00e1gig);<\/li>\n<li>Elox\u00e1lt h\u0151h\u00eddmentes alum\u00ednium k\u00fcsz\u00f6b;<\/li>\n<li>Er\u0151s ig\u00e9nybev\u00e9telnek is ellen\u00e1llnak;<\/li>\n<li>Rejtett, 3 ponton z\u00e1r\u00f3d\u00f3 csapos biztons\u00e1gi vasalat MABISZ min\u0151s\u00edt\u00e9ssel;<\/li>\n<li>Dupla cilinderes z\u00e1rral 4 pontoss\u00e1 tehet\u0151;<\/li>\n<li>3db biztons\u00e1gi ajt\u00f3p\u00e1nt;<\/li>\n<li>Nagym\u00e9ret\u0171 merev\u00edt\u00e9sek \u00e9s a sarokhegeszt\u00e9sek, valamint a t\u00f6bb ponton z\u00e1r\u00f3 vasalatok biztos\u00edtj\u00e1k a bet\u00f6r\u00e9s elleni hat\u00e1sos v\u00e9delmet;<\/li>\n<li>Polimer alapanyag\u00fa bej\u00e1rati ajt\u00f3k k\u00fcl\u00f6n\u00f6sen hossz\u00fa \u00e9lettartalm\u00faak.<\/li>\n<\/ul>\n<p>&nbsp;<\/p>\n<h4>BRILLANT 70 bej\u00e1ratiajt\u00f3-rendszer<\/h4>\n<ul>\n<li><img loading=\"lazy\" decoding=\"async\" src=\"https:\/\/confector.hu\/nyilaszaro\/wp-content\/uploads\/2015\/08\/rehau-bejarati-ajto-brillant70.jpg\" alt=\"rehau-bejarati-ajto-brillant70\" class=\"alignright size-full wp-image-533\" height=\"280\" width=\"420\" srcset=\"https:\/\/confector.hu\/nyilaszaro\/wp-content\/uploads\/2015\/08\/rehau-bejarati-ajto-brillant70.jpg 420w, https:\/\/confector.hu\/nyilaszaro\/wp-content\/uploads\/2015\/08\/rehau-bejarati-ajto-brillant70-300x200.jpg 300w\" sizes=\"auto, (max-width: 420px) 100vw, 420px\" \/>Modern design;<\/li>\n<li>Kiv\u00e1l\u00f3 min\u0151s\u00e9g\u0171 fel\u00fclet;<\/li>\n<li>T\u00f6bb kamr\u00e1s kialak\u00edt\u00e1s;<\/li>\n<li>70 mm-es szerkezeti m\u00e9lys\u00e9g;<\/li>\n<li>Csap\u00f3es\u0151 elleni v\u00e9delem C ig\u00e9nybev\u00e9teli oszt\u00e1lyig (100 m \u00e9p\u00fcletmagass\u00e1gig);<\/li>\n<li>Elox\u00e1lt h\u0151h\u00eddmentes alum\u00ednium k\u00fcsz\u00f6b;<\/li>\n<li>Er\u0151s ig\u00e9nybev\u00e9telnek is ellen\u00e1llnak;<\/li>\n<li>Rejtett, 3 ponton z\u00e1r\u00f3d\u00f3 csapos biztons\u00e1gi SCH\u00dcRING vasalat MABISZ min\u0151s\u00edt\u00e9ssel;<\/li>\n<li>Dupla cilinderes z\u00e1rral 4 pontoss\u00e1 tehet\u0151;<\/li>\n<li>3db biztons\u00e1gi ajt\u00f3p\u00e1nt;<\/li>\n<li>Nagym\u00e9ret\u0171 merev\u00edt\u00e9sek \u00e9s a sarokhegeszt\u00e9sek, valamint a t\u00f6bb ponton z\u00e1r\u00f3 vasalatok biztos\u00edtj\u00e1k a bet\u00f6r\u00e9s elleni hat\u00e1sos v\u00e9delmet;<\/li>\n<li>Polimer alapanyag\u00fa bej\u00e1rati ajt\u00f3k k\u00fcl\u00f6n\u00f6sen hossz\u00fa \u00e9lettartalm\u00faak;<\/li>\n<li>\u00dcvegszor\u00edt\u00f3l\u00e9c lehet \u00edves \u00e9s sz\u00f6gletes kialak\u00edt\u00e1s\u00fa a kapcsol\u00f3d\u00f3 ablakokhoz igaz\u00edtva.<\/li>\n<\/ul>\n<p>&nbsp;<\/p>\n<h4>SYNEGO bej\u00e1ratiajt\u00f3-rendszer<\/h4>\n<p style=\"text-align: justify;\">Az \u00faj, 2014-ben kifejlesztett REHAU SYNEGO bej\u00e1rati ajt\u00f3 rendszer a r\u00e9gebbi t\u00edpusok hib\u00e1it kik\u00fcsz\u00f6b\u00f6lte, \u00e9s a fels\u0151-k\u00f6z\u00e9pkateg\u00f3ria m\u00e9lt\u00f3 k\u00e9pvisel\u0151j\u00e9t hozta l\u00e9tre.<\/p>\n<ul>\n<li>Modern design;<\/li>\n<li>Kiv\u00e1l\u00f3 min\u0151s\u00e9g\u0171 fel\u00fclet;<\/li>\n<li>T\u00f6bb kamr\u00e1s kialak\u00edt\u00e1s;<\/li>\n<li>80 mm-es szerkezeti m\u00e9lys\u00e9g;<\/li>\n<li>Csap\u00f3es\u0151 elleni v\u00e9delem C ig\u00e9nybev\u00e9teli oszt\u00e1lyig (100 m \u00e9p\u00fcletmagass\u00e1gig);<\/li>\n<li>Elox\u00e1lt h\u0151h\u00eddmentes alum\u00ednium k\u00fcsz\u00f6b;<\/li>\n<li>Er\u0151s ig\u00e9nybev\u00e9telnek is ellen\u00e1llnak;<\/li>\n<li>Rejtett, 3 ponton z\u00e1r\u00f3d\u00f3 csapos biztons\u00e1gi vasalat MABISZ min\u0151s\u00edt\u00e9ssel;<\/li>\n<li>Dupla cilinderes z\u00e1rral 4 pontoss\u00e1 tehet\u0151;<\/li>\n<li>3db biztons\u00e1gi ajt\u00f3p\u00e1nt;<\/li>\n<li>Nagym\u00e9ret\u0171 merev\u00edt\u00e9sek \u00e9s a sarokhegeszt\u00e9sek, valamint a t\u00f6bb ponton z\u00e1r\u00f3 vasalatok biztos\u00edtj\u00e1k a bet\u00f6r\u00e9s elleni hat\u00e1sos v\u00e9delmet;<\/li>\n<li>K\u00fcl\u00f6n\u00f6sen hossz\u00fa \u00e9lettartam;<\/li>\n<li>\u00dcvegszor\u00edt\u00f3l\u00e9c lehet \u00edves \u00e9s sz\u00f6gletes kialak\u00edt\u00e1s\u00fa a kapcsol\u00f3d\u00f3 ablakokhoz igaz\u00edtva.<\/li>\n<\/ul>\n<p>&nbsp;<\/p>\n<h4>GENEO bej\u00e1ratiajt\u00f3-rendszer<\/h4>\n<p>REHAU GENEO profilokb\u00f3l k\u00e9sz\u00fclt bej\u00e1rati ajt\u00f3k a fels\u0151 min\u0151s\u00e9gi kateg\u00f3ri\u00e1t k\u00e9pviselik, megalkuv\u00e1s n\u00e9lk\u00fcl.<\/p>\n<ul>\n<li><img loading=\"lazy\" decoding=\"async\" src=\"https:\/\/confector.hu\/nyilaszaro\/wp-content\/uploads\/2015\/08\/rehau-bejarati-ajto-geneo.jpg\" alt=\"rehau-bejarati-ajto-geneo\" class=\"alignright size-full wp-image-534\" height=\"280\" width=\"420\" srcset=\"https:\/\/confector.hu\/nyilaszaro\/wp-content\/uploads\/2015\/08\/rehau-bejarati-ajto-geneo.jpg 420w, https:\/\/confector.hu\/nyilaszaro\/wp-content\/uploads\/2015\/08\/rehau-bejarati-ajto-geneo-300x200.jpg 300w\" sizes=\"auto, (max-width: 420px) 100vw, 420px\" \/>Modern design;<\/li>\n<li>Kiv\u00e1l\u00f3 min\u0151s\u00e9g\u0171 fel\u00fclet;<\/li>\n<li>T\u00f6bbkamr\u00e1s kialak\u00edt\u00e1s;<\/li>\n<li>86 mm-es szerkezeti m\u00e9lys\u00e9g;<\/li>\n<li>Csap\u00f3es\u0151 elleni v\u00e9delem C ig\u00e9nybev\u00e9teli oszt\u00e1lyig (100 m \u00e9p\u00fcletmagass\u00e1gig);<\/li>\n<li>Elox\u00e1lt h\u0151h\u00eddmentes alum\u00ednium k\u00fcsz\u00f6b;<\/li>\n<li>Er\u0151s ig\u00e9nybev\u00e9telnek is ellen\u00e1llnak;<\/li>\n<li>Rejtett, 3 ponton z\u00e1r\u00f3d\u00f3 csapos biztons\u00e1gi SCH\u00dcRING vasalat MABISZ min\u0151s\u00edt\u00e9ssel;<\/li>\n<li>Dupla cilinderes z\u00e1rral 4 pontoss\u00e1 tehet\u0151;<\/li>\n<li>3db biztons\u00e1gi ajt\u00f3p\u00e1nt;<\/li>\n<li>Nagym\u00e9ret\u0171 merev\u00edt\u00e9sek \u00e9s a sarokhegeszt\u00e9sek, valamint a t\u00f6bb ponton z\u00e1r\u00f3 vasalatok biztos\u00edtj\u00e1k a bet\u00f6r\u00e9s elleni hat\u00e1sos v\u00e9delmet;<\/li>\n<li>K\u00fcl\u00f6n\u00f6sen hossz\u00fa \u00e9lettartam;<\/li>\n<li>\u00dcvegszor\u00edt\u00f3l\u00e9c lehet \u00edves \u00e9s sz\u00f6gletes kialak\u00edt\u00e1s\u00fa a kapcsol\u00f3d\u00f3 ablakokhoz igaz\u00edtva.<\/li>\n<\/ul>\n<div class=\"erdeklodom\"><a href=\"https:\/\/confector.hu\/nyilaszaro\/kapcsolat\">\u00c9rdekl\u0151d\u00f6m <i class=\"fa fa-arrow-circle-right\"><\/i><\/a><\/div>\n","protected":false},"excerpt":{"rendered":"<p>Rehau bej\u00e1rati ajt\u00f3: kiv\u00e1l\u00f3 h\u0151szigetel\u00e9s \u00e9s eszt\u00e9tikum &nbsp; REHAU profilokb\u00f3l k\u00e9sz\u00fclt bej\u00e1rati ajt\u00f3kra a rendk\u00edv\u00fcl nagy stabilit\u00e1s, a j\u00f3 h\u0151- \u00e9s hangszigetel\u00e9s, valamint a tart\u00f3s t\u00f6m\u00edtetts\u00e9g jellemz\u0151. Emellett minim\u00e1lis karbantart\u00e1st ig\u00e9nyelnek \u00e9s k\u00f6nnyen tiszt\u00edthat\u00f3k. Mindazt ny\u00fajtj\u00e1k, ami egy modern bej\u00e1rati ajt\u00f3t\u00f3l elv\u00e1rhat\u00f3. Alkalmasak \u00faj \u00e9p\u00fcletek modern illetve klasszikus megjelen\u00e9s\u0171 bej\u00e1rati ajtajainak kialak\u00edt\u00e1s\u00e1ra, tov\u00e1bb\u00e1 megl\u00e9v\u0151 bej\u00e1rati [&hellip;]<\/p>\n","protected":false},"author":2,"featured_media":1133,"parent":0,"menu_order":0,"comment_status":"closed","ping_status":"open","template":"","meta":{"footnotes":""},"class_list":["post-256","page","type-page","status-publish","has-post-thumbnail","hentry"],"aioseo_notices":[],"_links":{"self":[{"href":"https:\/\/confector.hu\/nyilaszaro\/wp-json\/wp\/v2\/pages\/256","targetHints":{"allow":["GET"]}}],"collection":[{"href":"https:\/\/confector.hu\/nyilaszaro\/wp-json\/wp\/v2\/pages"}],"about":[{"href":"https:\/\/confector.hu\/nyilaszaro\/wp-json\/wp\/v2\/types\/page"}],"author":[{"embeddable":true,"href":"https:\/\/confector.hu\/nyilaszaro\/wp-json\/wp\/v2\/users\/2"}],"replies":[{"embeddable":true,"href":"https:\/\/confector.hu\/nyilaszaro\/wp-json\/wp\/v2\/comments?post=256"}],"version-history":[{"count":16,"href":"https:\/\/confector.hu\/nyilaszaro\/wp-json\/wp\/v2\/pages\/256\/revisions"}],"predecessor-version":[{"id":1582,"href":"https:\/\/confector.hu\/nyilaszaro\/wp-json\/wp\/v2\/pages\/256\/revisions\/1582"}],"wp:featuredmedia":[{"embeddable":true,"href":"https:\/\/confector.hu\/nyilaszaro\/wp-json\/wp\/v2\/media\/1133"}],"wp:attachment":[{"href":"https:\/\/confector.hu\/nyilaszaro\/wp-json\/wp\/v2\/media?parent=256"}],"curies":[{"name":"wp","href":"https:\/\/api.w.org\/{rel}","templated":true}]}}