{"id":248,"date":"2015-08-17T07:20:48","date_gmt":"2015-08-17T06:20:48","guid":{"rendered":"https:\/\/confector.hu\/nyilaszaro\/?page_id=248"},"modified":"2024-11-05T12:01:20","modified_gmt":"2024-11-05T11:01:20","slug":"specialis-aluminium-rendszerek","status":"publish","type":"page","link":"https:\/\/confector.hu\/nyilaszaro\/specialis-aluminium-rendszerek\/","title":{"rendered":"Speci\u00e1lis alum\u00ednium rendszerek"},"content":{"rendered":"<h3>Speci\u00e1lis alum\u00ednium term\u00e9kpalett\u00e1nk<\/h3>\n<p style=\"text-align: justify;\">Gy\u00e1rt\u00e1si palett\u00e1nk tartalmaz speci\u00e1lis kialak\u00edt\u00e1s\u00fa Sch\u00fcco \u00e9s Aliplast rendszereket, tol\u00f3ajt\u00f3kat, f\u00fcgg\u00f6nyfalakat, t\u0171zg\u00e1tl\u00f3 szerkezeteket, t\u00e9likerteket, melyek sokoldal\u00fas\u00e1guk miatt minden \u00e9p\u00edt\u00e9szeti k\u00f6rnyezetben meg\u00e1llj\u00e1k a hely\u00fcket, \u00e9s a tervez\u0151k \u00e1ltal el\u0151\u00edrt m\u0171szaki megold\u00e1sokat is teljes\u00edtik. A rendszergazd\u00e1k a tervez\u00e9s\u00e9n\u00e9l nem hagyt\u00e1k h\u00e1tt\u00e9rbe szorulni a kimagasl\u00f3 h\u0151szigetel\u0151 k\u00e9pess\u00e9geket, valamint a biztons\u00e1gtechnikai r\u00e9szletek kidolgoz\u00e1s\u00e1t sem. Az alum\u00ednium rendszerek sz\u00e1mtalan nyit\u00e1si lehet\u0151s\u00e9ge minden ig\u00e9nyt, m\u0171szaki megold\u00e1st kiel\u00e9g\u00edt.<\/p>\n<p>&nbsp;<\/p>\n<h2>Tol\u00f3ajt\u00f3k<\/h2>\n<p style=\"text-align: justify;\">Ezeknek a rendszereknek a helysz\u00fcks\u00e9glete nagyon kicsi, mivel a sz\u00e1rnyak egym\u00e1s el\u00e9 futnak. K\u00fcsz\u00f6b tekintet\u00e9ben is gazdag lehet\u0151s\u00e9geket k\u00edn\u00e1lnak a rendszerek, ak\u00e1r teljesen a burkolatba s\u00fcllyeszthet\u0151 megold\u00e1s is lehets\u00e9ges.<\/p>\n<p>&nbsp;<\/p>\n<h3>Sch\u00fcco ASS 50.NI (tol\u00f3ajt\u00f3)<\/h3>\n<p style=\"text-align: justify;\">H\u0151hidas tol\u00f3ajt\u00f3 rendszer, mely belt\u00e9ri vagy h\u0151szigetel\u00e9st nem ig\u00e9nyl\u0151, nagy fel\u00fclet\u0171 \u00e1tj\u00e1r\u00f3k, \u00f6sszek\u00f6t\u0151k, \u00fczleti \u00e9s irodahelys\u00e9gek elv\u00e1laszt\u00e1s\u00e1ra. A Sch\u00fcco ASS 50 alum\u00ednium rendszer csup\u00e1n 76mm be\u00e9p\u00edt\u00e9si m\u00e9lys\u00e9ggel rendelkezik, de nagy stabilit\u00e1s\u00fa profil.<\/p>\n<p style=\"text-align: justify;\"><img loading=\"lazy\" decoding=\"async\" src=\"https:\/\/confector.hu\/nyilaszaro\/wp-content\/uploads\/2015\/08\/specialis-aluminium-ass50ni.jpg\" alt=\"specialis-aluminium-ass50ni\" class=\"alignnone size-full wp-image-454\" height=\"315\" width=\"420\" srcset=\"https:\/\/confector.hu\/nyilaszaro\/wp-content\/uploads\/2015\/08\/specialis-aluminium-ass50ni.jpg 420w, https:\/\/confector.hu\/nyilaszaro\/wp-content\/uploads\/2015\/08\/specialis-aluminium-ass50ni-300x225.jpg 300w\" sizes=\"auto, (max-width: 420px) 100vw, 420px\" \/><\/p>\n<p>&nbsp;<\/p>\n<h3>Sch\u00fcco ASS 70.HI (tol\u00f3ajt\u00f3)<\/h3>\n<p style=\"text-align: justify;\">ASS 70.HI a Sch\u00fcco alum\u00ednium rendszer legmagasabb h\u0151szigetel\u0151 k\u00e9pess\u00e9ggel rendelkez\u0151 emel\u00f3-tol\u00f3 ajtaja. A tervez\u00e9sn\u00e9l nagy hangs\u00falyt fektettek a h\u0151- \u00e9s hangszigetel\u00e9sre, a hangtalan, meglep\u0151en k\u00f6nny\u0171 nyit\u00e1sra \u00e9s z\u00e1r\u00e1sra. A hatalmas sz\u00e1rnysz\u00e9less\u00e9ge \u00e9s magass\u00e1ga egyar\u00e1nt 3000 mm-ig teszi lehet\u0151v\u00e9 a gy\u00e1rt\u00e1st. Nagy figyelmet fektettek a megjelen\u00e9sre is: a k\u00fcls\u0151 \u00e9s bels\u0151 kamra lehet elt\u00e9r\u0151 sz\u00edn\u0171 is, ami k\u00f6zkedvelt\u00e9 teszi mind a v\u00e9gfelhaszn\u00e1l\u00f3k, mind a bels\u0151\u00e9p\u00edt\u00e9szek k\u00f6z\u00f6tt. Alkalmazhat\u00f3 tov\u00e1bb\u00e1 a Sch\u00fcco \u00e1ltal kifejlesztett rendszerhez tartoz\u00f3<span>\u00a0<\/span><strong>e-drive<\/strong><span>\u00a0<\/span>elnevez\u00e9s\u0171 rejtett mozgat\u00f3 \u00e9s vez\u00e9rl\u0151 egys\u00e9g. A rendszerhez tartoz\u00f3 sz\u00e1mtalan megjelen\u00e9s\u0171 Sch\u00fcco kilincsek, vasalatok megfelelnek a k\u00fcl\u00f6nleges v\u00e1s\u00e1rl\u00f3i ig\u00e9nyeknek is.<\/p>\n<p><img loading=\"lazy\" decoding=\"async\" src=\"https:\/\/confector.hu\/nyilaszaro\/wp-content\/uploads\/2015\/08\/specialis-aluminium-ass70hi-1.jpg\" alt=\"specialis-aluminium-ass70hi-1\" class=\"alignnone size-full wp-image-455\" height=\"315\" width=\"420\" srcset=\"https:\/\/confector.hu\/nyilaszaro\/wp-content\/uploads\/2015\/08\/specialis-aluminium-ass70hi-1.jpg 420w, https:\/\/confector.hu\/nyilaszaro\/wp-content\/uploads\/2015\/08\/specialis-aluminium-ass70hi-1-300x225.jpg 300w\" sizes=\"auto, (max-width: 420px) 100vw, 420px\" \/><img loading=\"lazy\" decoding=\"async\" src=\"https:\/\/confector.hu\/nyilaszaro\/wp-content\/uploads\/2015\/08\/specialis-aluminium-ass70hi-2.jpg\" alt=\"specialis-aluminium-ass70hi-2\" class=\"alignnone size-full wp-image-456\" height=\"320\" width=\"420\" srcset=\"https:\/\/confector.hu\/nyilaszaro\/wp-content\/uploads\/2015\/08\/specialis-aluminium-ass70hi-2.jpg 420w, https:\/\/confector.hu\/nyilaszaro\/wp-content\/uploads\/2015\/08\/specialis-aluminium-ass70hi-2-300x229.jpg 300w\" sizes=\"auto, (max-width: 420px) 100vw, 420px\" \/><br \/>\n<img loading=\"lazy\" decoding=\"async\" src=\"https:\/\/confector.hu\/nyilaszaro\/wp-content\/uploads\/2015\/08\/specialis-aluminium-ass70hi-3.jpg\" alt=\"specialis-aluminium-ass70hi-3\" class=\"alignnone size-full wp-image-457\" height=\"315\" width=\"420\" srcset=\"https:\/\/confector.hu\/nyilaszaro\/wp-content\/uploads\/2015\/08\/specialis-aluminium-ass70hi-3.jpg 420w, https:\/\/confector.hu\/nyilaszaro\/wp-content\/uploads\/2015\/08\/specialis-aluminium-ass70hi-3-300x225.jpg 300w\" sizes=\"auto, (max-width: 420px) 100vw, 420px\" \/><\/p>\n<h3>Sch\u00fcco ASS 70 FD (harmonika ajt\u00f3)<\/h3>\n<p style=\"text-align: justify;\">AZ ASS 70 FD alum\u00ednium harmonika rendszert kimondottan k\u00fclt\u00e9ri felhaszn\u00e1l\u00e1sra fejlesztett\u00e9k ki. A rendszer alkalmas komplett \u00fcvegfel\u00fcletek szinte teljesen nyithat\u00f3v\u00e1 t\u00e9tel\u00e9re. Ezen rendszer ajt\u00f3 sz\u00e1rnyai k\u00fcl\u00f6n\u00f6sebb er\u0151 kifejt\u00e9se n\u00e9lk\u00fcl, kifel\u00e9 \u00e9s befel\u00e9 rendk\u00edv\u00fcl egyszer\u0171en \u00f6sszecsukhat\u00f3ak, \u00e9s sz\u00e1mtalan nyit\u00e1si vari\u00e1ci\u00f3val rendelkeznek.<\/p>\n<p style=\"text-align: justify;\"><img loading=\"lazy\" decoding=\"async\" src=\"https:\/\/confector.hu\/nyilaszaro\/wp-content\/uploads\/2015\/08\/specialis-aluminium-ass70fd-1.jpg\" alt=\"specialis-aluminium-ass70fd-1\" class=\"alignnone size-full wp-image-460\" height=\"420\" width=\"420\" srcset=\"https:\/\/confector.hu\/nyilaszaro\/wp-content\/uploads\/2015\/08\/specialis-aluminium-ass70fd-1.jpg 420w, https:\/\/confector.hu\/nyilaszaro\/wp-content\/uploads\/2015\/08\/specialis-aluminium-ass70fd-1-150x150.jpg 150w, https:\/\/confector.hu\/nyilaszaro\/wp-content\/uploads\/2015\/08\/specialis-aluminium-ass70fd-1-300x300.jpg 300w, https:\/\/confector.hu\/nyilaszaro\/wp-content\/uploads\/2015\/08\/specialis-aluminium-ass70fd-1-81x81.jpg 81w, https:\/\/confector.hu\/nyilaszaro\/wp-content\/uploads\/2015\/08\/specialis-aluminium-ass70fd-1-50x50.jpg 50w\" sizes=\"auto, (max-width: 420px) 100vw, 420px\" \/><img loading=\"lazy\" decoding=\"async\" src=\"https:\/\/confector.hu\/nyilaszaro\/wp-content\/uploads\/2015\/08\/specialis-aluminium-ass70fd-2.jpg\" alt=\"specialis-aluminium-ass70fd-2\" class=\"alignnone size-full wp-image-461\" height=\"292\" width=\"420\" srcset=\"https:\/\/confector.hu\/nyilaszaro\/wp-content\/uploads\/2015\/08\/specialis-aluminium-ass70fd-2.jpg 420w, https:\/\/confector.hu\/nyilaszaro\/wp-content\/uploads\/2015\/08\/specialis-aluminium-ass70fd-2-300x209.jpg 300w\" sizes=\"auto, (max-width: 420px) 100vw, 420px\" \/><\/p>\n<p>&nbsp;<\/p>\n<h2>F\u00fcgg\u00f6nyfalak<\/h2>\n<p style=\"text-align: justify;\">Az \u00e9p\u00fcletek homlokzati kialak\u00edt\u00e1s\u00e1ban a f\u00fcgg\u00f6nyfalak tervez\u00e9se nagy szerepet j\u00e1tszik. Sch\u00fcco ezen a ter\u00fcleten is kiv\u00e1l\u00f3, mindenre hangs\u00falyt fektet\u0151 rendszermegold\u00e1st k\u00edn\u00e1l. Nagy tervez\u0151i munk\u00e1t fektetett az alum\u00ednium f\u00fcgg\u00f6nyfalba integr\u00e1lhat\u00f3 ny\u00edl\u00e1sz\u00e1r\u00f3kra, melyeknek sz\u00e9les sk\u00e1l\u00e1ja nem szab hat\u00e1rt semmilyen \u00e9p\u00edt\u00e9szeti koncepci\u00f3nak. El\u0151ny\u00f6s tulajdons\u00e1ga tov\u00e1bb\u00e1, hogy a m\u0171helyi el\u0151k\u00e9sz\u00edt\u00e9snek k\u00f6sz\u00f6nhet\u0151en egyszer\u0171 \u00e9s gyors szerel\u00e9s val\u00f3s\u00edthat\u00f3 meg. Gazdag takar\u00f3profil v\u00e1laszt\u00e9knak k\u00f6sz\u00f6nhet\u0151en sz\u00e9lesk\u00f6r\u0171 felhaszn\u00e1lhat\u00f3s\u00e1got biztos\u00edt.<\/p>\n<p>&nbsp;<\/p>\n<h3>Sch\u00fcco FW50+ (f\u00fcgg\u00f6nyfal)<\/h3>\n<p style=\"text-align: justify;\">Sch\u00fcco FW50+ a gyakorlatban legelterjedtebb f\u00fcgg\u00f6nyfal rendszer, ami 50mm megjelen\u00e9s\u0171 \u00e9lnek k\u00f6sz\u00f6nhet\u0151en nagy raszter fel\u00fcletek kialak\u00edt\u00e1s\u00e1t teszi lehet\u0151v\u00e9.<\/p>\n<p style=\"text-align: justify;\"><img loading=\"lazy\" decoding=\"async\" src=\"https:\/\/confector.hu\/nyilaszaro\/wp-content\/uploads\/2015\/08\/specialis-aluminium-fuggonyfal-1.jpg\" alt=\"specialis-aluminium-fuggonyfal-1\" class=\"alignnone size-full wp-image-463\" height=\"315\" width=\"420\" srcset=\"https:\/\/confector.hu\/nyilaszaro\/wp-content\/uploads\/2015\/08\/specialis-aluminium-fuggonyfal-1.jpg 420w, https:\/\/confector.hu\/nyilaszaro\/wp-content\/uploads\/2015\/08\/specialis-aluminium-fuggonyfal-1-300x225.jpg 300w\" sizes=\"auto, (max-width: 420px) 100vw, 420px\" \/><img loading=\"lazy\" decoding=\"async\" src=\"https:\/\/confector.hu\/nyilaszaro\/wp-content\/uploads\/2015\/08\/specialis-aluminium-fuggonyfal-2.jpg\" alt=\"specialis-aluminium-fuggonyfal-2\" class=\"alignnone size-full wp-image-464\" height=\"310\" width=\"420\" srcset=\"https:\/\/confector.hu\/nyilaszaro\/wp-content\/uploads\/2015\/08\/specialis-aluminium-fuggonyfal-2.jpg 420w, https:\/\/confector.hu\/nyilaszaro\/wp-content\/uploads\/2015\/08\/specialis-aluminium-fuggonyfal-2-300x221.jpg 300w\" sizes=\"auto, (max-width: 420px) 100vw, 420px\" \/><\/p>\n<p>&nbsp;<\/p>\n<h3>Sch\u00fcco FW5+ HI (f\u00fcgg\u00f6nyfal)<\/h3>\n<p style=\"text-align: justify;\">A mai h\u0151szigetel\u00e9si \u00e9s energiahat\u00e9konys\u00e1gi ig\u00e9nyeknek megfelel\u0151en tov\u00e1bbfejlesztett FW50+ HI rendszer megjelen\u00e9s\u00e9ben hasonl\u00f3 az FW50+ rendszerrel, de az innovat\u00edv h\u0151szigetel\u00e9si technik\u00e1j\u00e1nak k\u00f6sz\u00f6nhet\u0151en el\u00e9ri a legmodernebb energiagazd\u00e1lkod\u00e1si k\u00f6vetelm\u00e9nyeket is.<\/p>\n<p style=\"text-align: justify;\"><img loading=\"lazy\" decoding=\"async\" src=\"https:\/\/confector.hu\/nyilaszaro\/wp-content\/uploads\/2015\/08\/specialis-aluminium-fuggonyfalfw50hi-1.jpg\" alt=\"specialis-aluminium-fuggonyfalfw50hi-1\" class=\"alignnone size-full wp-image-466\" height=\"280\" width=\"420\" srcset=\"https:\/\/confector.hu\/nyilaszaro\/wp-content\/uploads\/2015\/08\/specialis-aluminium-fuggonyfalfw50hi-1.jpg 420w, https:\/\/confector.hu\/nyilaszaro\/wp-content\/uploads\/2015\/08\/specialis-aluminium-fuggonyfalfw50hi-1-300x200.jpg 300w\" sizes=\"auto, (max-width: 420px) 100vw, 420px\" \/><img loading=\"lazy\" decoding=\"async\" src=\"https:\/\/confector.hu\/nyilaszaro\/wp-content\/uploads\/2015\/08\/specialis-aluminium-fuggonyfalfw50hi-2.jpg\" alt=\"specialis-aluminium-fuggonyfalfw50hi-2\" class=\"alignnone size-full wp-image-467\" height=\"686\" width=\"420\" srcset=\"https:\/\/confector.hu\/nyilaszaro\/wp-content\/uploads\/2015\/08\/specialis-aluminium-fuggonyfalfw50hi-2.jpg 420w, https:\/\/confector.hu\/nyilaszaro\/wp-content\/uploads\/2015\/08\/specialis-aluminium-fuggonyfalfw50hi-2-184x300.jpg 184w\" sizes=\"auto, (max-width: 420px) 100vw, 420px\" \/><\/p>\n<p>&nbsp;<\/p>\n<h2>T\u0171zg\u00e1tl\u00f3 szerkezetek<\/h2>\n<h3>Sch\u00fcco ADS 80 FR 30<\/h3>\n<p style=\"text-align: justify;\">Sch\u00fcco profilrendszerek magasra teszik a m\u00e9rc\u00e9t a t\u0171zg\u00e1tl\u00f3 szerkezetek gy\u00e1rt\u00e1s\u00e1ban. Az ADS 80FR 30 profilrendszer r\u00e9szletesen kidolgozott, a t\u0171z-, l\u00e1ng-, \u00e9s f\u00fcstv\u00e9delem nem megy a design rov\u00e1s\u00e1ra. Teljesen kiforrott rendszere, bevizsg\u00e1lt kieg\u00e9sz\u00edt\u0151i garant\u00e1lj\u00e1k az \u00e9p\u00edt\u00e9szeti k\u00f6rnyezetnek legmegfelel\u0151bb m\u0171szaki megold\u00e1st.<\/p>\n<p><img loading=\"lazy\" decoding=\"async\" src=\"https:\/\/confector.hu\/nyilaszaro\/wp-content\/uploads\/2015\/08\/specialis-aluminium-tuzgatlo-1.jpg\" class=\"alignnone wp-image-469 size-full\" height=\"420\" width=\"420\" srcset=\"https:\/\/confector.hu\/nyilaszaro\/wp-content\/uploads\/2015\/08\/specialis-aluminium-tuzgatlo-1.jpg 420w, https:\/\/confector.hu\/nyilaszaro\/wp-content\/uploads\/2015\/08\/specialis-aluminium-tuzgatlo-1-150x150.jpg 150w, https:\/\/confector.hu\/nyilaszaro\/wp-content\/uploads\/2015\/08\/specialis-aluminium-tuzgatlo-1-300x300.jpg 300w, https:\/\/confector.hu\/nyilaszaro\/wp-content\/uploads\/2015\/08\/specialis-aluminium-tuzgatlo-1-81x81.jpg 81w, https:\/\/confector.hu\/nyilaszaro\/wp-content\/uploads\/2015\/08\/specialis-aluminium-tuzgatlo-1-50x50.jpg 50w\" sizes=\"auto, (max-width: 420px) 100vw, 420px\" \/><img loading=\"lazy\" decoding=\"async\" src=\"https:\/\/confector.hu\/nyilaszaro\/wp-content\/uploads\/2015\/08\/specialis-aluminium-tuzgatlo-2.jpg\" alt=\"specialis-aluminium-tuzgatlo-2\" class=\"alignnone size-full wp-image-470\" height=\"305\" width=\"420\" srcset=\"https:\/\/confector.hu\/nyilaszaro\/wp-content\/uploads\/2015\/08\/specialis-aluminium-tuzgatlo-2.jpg 420w, https:\/\/confector.hu\/nyilaszaro\/wp-content\/uploads\/2015\/08\/specialis-aluminium-tuzgatlo-2-300x218.jpg 300w\" sizes=\"auto, (max-width: 420px) 100vw, 420px\" \/><\/p>\n<h2>T\u00e9likert, \u00fcvegtet\u0151 szerkezetek<\/h2>\n<p style=\"text-align: justify;\">Alum\u00ednium rendszereink alkalmasak t\u00e9likertek, \u00fcvegh\u00e1zak, teraszfed\u00e9sek, bevil\u00e1g\u00edt\u00f3k k\u00e9sz\u00edt\u00e9s\u00e9re is. Ilyen esetekben a SCH\u00dcCO FW 50-es rendszerelemeket alkalmazzuk tart\u00f3szerkezetk\u00e9nt \u2013 esetleg el\u0151re elk\u00e9sz\u00edtett nagy feszt\u00e1v\u00fa ac\u00e9l tart\u00f3rendszereket \u2013, mert a tet\u0151 tulajdonk\u00e9ppen egy ferde s\u00edk\u00fa f\u00fcgg\u00f6nyfal, term\u00e9szetesen tet\u0151\u00e9p\u00edt\u00e9shez alkalmas kieg\u00e9sz\u00edt\u0151kkel. A tet\u0151 k\u00e9sz\u00fclhet teljesen l\u00e1tsz\u00f3bord\u00e1s kivitelben, de a f\u00e9l struktur\u00e1lis megold\u00e1s \u2013 ahol a szelemeneken megjelennek a szor\u00edt\u00f3l\u00e9cek, a kereszt bord\u00e1k struktu\u00e1lis kialak\u00edt\u00e1s\u00faak \u2013 jobb v\u00edzelvezet\u00e9st biztos\u00edt, kisebb tet\u0151hajl\u00e1ssz\u00f6gn\u00e9l megel\u0151zve a pang\u00f3 vizek megjelen\u00e9s\u00e9t. Tet\u0151kbe rendszerazonos ablakok ker\u00fclnek, \u00e1ltal\u00e1ban motoros m\u0171k\u00f6dtet\u00e9ssel, az eresz v\u00edzelvezet\u00e9s\u00e9r\u0151l k\u00fcls\u0151 alum\u00ednium csatorna gondoskodik. Nyereg \u00e9s f\u00e9lnyereg tet\u0151k\u00f6n k\u00edv\u00fcl kupolaszer\u0171 lefed\u00e9sek is megoldhat\u00f3k.<\/p>\n<p style=\"text-align: justify;\"><img loading=\"lazy\" decoding=\"async\" src=\"https:\/\/confector.hu\/nyilaszaro\/wp-content\/uploads\/2015\/08\/specialis-aluminium-telikert.jpg\" alt=\"specialis-aluminium-telikert\" class=\"alignnone size-full wp-image-471\" height=\"296\" width=\"420\" srcset=\"https:\/\/confector.hu\/nyilaszaro\/wp-content\/uploads\/2015\/08\/specialis-aluminium-telikert.jpg 420w, https:\/\/confector.hu\/nyilaszaro\/wp-content\/uploads\/2015\/08\/specialis-aluminium-telikert-300x211.jpg 300w\" sizes=\"auto, (max-width: 420px) 100vw, 420px\" \/><\/p>\n<div class=\"erdeklodom\"><a href=\"https:\/\/confector.hu\/nyilaszaro\/kapcsolat\">\u00c9rdekl\u0151d\u00f6m <i class=\"fa fa-arrow-circle-right\"><\/i><\/a><\/div>\n","protected":false},"excerpt":{"rendered":"<p>Speci\u00e1lis alum\u00ednium term\u00e9kpalett\u00e1nk Gy\u00e1rt\u00e1si palett\u00e1nk tartalmaz speci\u00e1lis kialak\u00edt\u00e1s\u00fa Sch\u00fcco \u00e9s Aliplast rendszereket, tol\u00f3ajt\u00f3kat, f\u00fcgg\u00f6nyfalakat, t\u0171zg\u00e1tl\u00f3 szerkezeteket, t\u00e9likerteket, melyek sokoldal\u00fas\u00e1guk miatt minden \u00e9p\u00edt\u00e9szeti k\u00f6rnyezetben meg\u00e1llj\u00e1k a hely\u00fcket, \u00e9s a tervez\u0151k \u00e1ltal el\u0151\u00edrt m\u0171szaki megold\u00e1sokat is teljes\u00edtik. A rendszergazd\u00e1k a tervez\u00e9s\u00e9n\u00e9l nem hagyt\u00e1k h\u00e1tt\u00e9rbe szorulni a kimagasl\u00f3 h\u0151szigetel\u0151 k\u00e9pess\u00e9geket, valamint a biztons\u00e1gtechnikai r\u00e9szletek kidolgoz\u00e1s\u00e1t sem. Az alum\u00ednium [&hellip;]<\/p>\n","protected":false},"author":2,"featured_media":1107,"parent":0,"menu_order":0,"comment_status":"closed","ping_status":"open","template":"","meta":{"footnotes":""},"class_list":["post-248","page","type-page","status-publish","has-post-thumbnail","hentry"],"aioseo_notices":[],"_links":{"self":[{"href":"https:\/\/confector.hu\/nyilaszaro\/wp-json\/wp\/v2\/pages\/248","targetHints":{"allow":["GET"]}}],"collection":[{"href":"https:\/\/confector.hu\/nyilaszaro\/wp-json\/wp\/v2\/pages"}],"about":[{"href":"https:\/\/confector.hu\/nyilaszaro\/wp-json\/wp\/v2\/types\/page"}],"author":[{"embeddable":true,"href":"https:\/\/confector.hu\/nyilaszaro\/wp-json\/wp\/v2\/users\/2"}],"replies":[{"embeddable":true,"href":"https:\/\/confector.hu\/nyilaszaro\/wp-json\/wp\/v2\/comments?post=248"}],"version-history":[{"count":21,"href":"https:\/\/confector.hu\/nyilaszaro\/wp-json\/wp\/v2\/pages\/248\/revisions"}],"predecessor-version":[{"id":1108,"href":"https:\/\/confector.hu\/nyilaszaro\/wp-json\/wp\/v2\/pages\/248\/revisions\/1108"}],"wp:featuredmedia":[{"embeddable":true,"href":"https:\/\/confector.hu\/nyilaszaro\/wp-json\/wp\/v2\/media\/1107"}],"wp:attachment":[{"href":"https:\/\/confector.hu\/nyilaszaro\/wp-json\/wp\/v2\/media?parent=248"}],"curies":[{"name":"wp","href":"https:\/\/api.w.org\/{rel}","templated":true}]}}