{"id":244,"date":"2015-08-17T07:20:18","date_gmt":"2015-08-17T06:20:18","guid":{"rendered":"https:\/\/confector.hu\/nyilaszaro\/?page_id=244"},"modified":"2024-11-05T12:01:20","modified_gmt":"2024-11-05T11:01:20","slug":"schuco-nyilaszaro","status":"publish","type":"page","link":"https:\/\/confector.hu\/nyilaszaro\/schuco-nyilaszaro\/","title":{"rendered":"Sch\u00fcco ny\u00edl\u00e1sz\u00e1r\u00f3"},"content":{"rendered":"<h3>Sch\u00fcco ny\u00edl\u00e1sz\u00e1r\u00f3 term\u00e9kpalett\u00e1nk<\/h3>\n<p style=\"text-align: justify;\">Az alum\u00ednium ny\u00edl\u00e1sz\u00e1r\u00f3 term\u00e9kpalett\u00e1nk mag\u00e1ba foglalja az egyszer\u0171 szerkezetekt\u0151l kezdve a design-alum\u00ednium ny\u00edl\u00e1sz\u00e1r\u00f3kon \u00e1t eg\u00e9szen a speci\u00e1lis megjelen\u00e9s\u0171 szerkezetekig. Az alum\u00ednium alapanyag j\u00f3l \u00e9s pontosan alak\u00edthat\u00f3, lehet\u0151v\u00e9 t\u00e9ve az egyedi szerkezetek \u00f6tletes, \u00e9s szinte minden k\u00f6vetelm\u00e9nynek megfelel\u0151 megval\u00f3s\u00edt\u00e1s\u00e1t. Alum\u00ednium term\u00e9keink k\u00f6z\u00fcl a m\u00e9lt\u00e1n legismertebb rendszer a n\u00e9met <strong>Sch\u00fcco<\/strong> profilcsal\u00e1d, melynek felhaszn\u00e1l\u00e1s\u00e1ban c\u00e9g\u00fcnk \u00e9vtizedes tapasztalattal rendelkezik. Referenci\u00e1ink k\u00f6z\u00f6tt sz\u00e1mos k\u00f6z\u00e9p\u00fclet, irodah\u00e1z \u00e9s mag\u00e1n\u00e9p\u00fclet b\u00fcszk\u00e9lkedik a Sch\u00fcco alum\u00ednium rendszer kedvez\u0151 m\u0171szaki \u00e9s eszt\u00e9tikai tulajdons\u00e1gaival.<\/p>\n<p>&nbsp;<\/p>\n<h3>Sch\u00fcco ny\u00edl\u00e1sz\u00e1r\u00f3: AWS 50 NI<\/h3>\n<p style=\"text-align: justify;\">Az egyik legegyszer\u0171bb, bel\u00e9p\u0151 kateg\u00f3ri\u00e1s Sch\u00fcco alum\u00ednium profilrendszer az AWS 50 NI, amely bels\u0151 terek elv\u00e1laszt\u00e1s\u00e1ra, el\u0151\u00edr\u00e1soknak megfelel\u0151 f\u00fcstg\u00e1tl\u00e1sra alkalmas, h\u0151hidas alum\u00ednium szerkezetek gy\u00e1rt\u00e1s\u00e1t teszi lehet\u0151v\u00e9. Az alum\u00ednium profil az ablakn\u00e1l 50 mm be\u00e9p\u00edt\u00e9si m\u00e9lys\u00e9g\u0171, kis keresztmetszeteket tesz lehet\u0151v\u00e9, k\u00fcls\u0151 oldalon s\u00edkban z\u00e1r\u00f3dnak. Az AWS 50 profilok csal\u00e1di h\u00e1zak, irodah\u00e1zak, gy\u00e1rt\u00f3helyis\u00e9gek bels\u0151 tereit eszt\u00e9tikus \u00e9s tart\u00f3s m\u00f3don k\u00e9pesek elv\u00e1lasztani.<\/p>\n<p style=\"text-align: justify;\"><img loading=\"lazy\" decoding=\"async\" src=\"https:\/\/confector.hu\/nyilaszaro\/wp-content\/uploads\/2015\/08\/schuco-nyilaszaro-aws50.jpg\" alt=\"schuco-nyilaszaro-aws50\" class=\"alignnone size-full wp-image-441\" height=\"421\" width=\"420\" srcset=\"https:\/\/confector.hu\/nyilaszaro\/wp-content\/uploads\/2015\/08\/schuco-nyilaszaro-aws50.jpg 420w, https:\/\/confector.hu\/nyilaszaro\/wp-content\/uploads\/2015\/08\/schuco-nyilaszaro-aws50-150x150.jpg 150w, https:\/\/confector.hu\/nyilaszaro\/wp-content\/uploads\/2015\/08\/schuco-nyilaszaro-aws50-300x300.jpg 300w, https:\/\/confector.hu\/nyilaszaro\/wp-content\/uploads\/2015\/08\/schuco-nyilaszaro-aws50-81x81.jpg 81w, https:\/\/confector.hu\/nyilaszaro\/wp-content\/uploads\/2015\/08\/schuco-nyilaszaro-aws50-50x50.jpg 50w\" sizes=\"auto, (max-width: 420px) 100vw, 420px\" \/><\/p>\n<p>&nbsp;<\/p>\n<h3>Sch\u00fcco ny\u00edl\u00e1sz\u00e1r\u00f3: AWS 60<\/h3>\n<p style=\"text-align: justify;\">Az AWS 60 rendszer a h\u0151h\u00eddmentes profilok k\u00f6z\u00fcl a bel\u00e9p\u0151 kateg\u00f3ri\u00e1t k\u00e9pviseli. Az AWS 60 ablakrendszerrel olyan komplett rendszert k\u00edn\u00e1lunk, amely minden k\u00f6vetelm\u00e9nynek megfelel. A j\u00f3 \u00e1r-\u00e9rt\u00e9k ar\u00e1ny\u00fa profilrendszer, sz\u00e1mos funkci\u00f3b\u00f3l ad\u00f3d\u00f3 el\u0151nyei alkalmasak a v\u00e1ltozatos \u00e9p\u00edt\u00e9szeti kialak\u00edt\u00e1sok kivitelez\u00e9s\u00e9re. A 60 mm be\u00e9p\u00edt\u00e9si m\u00e9lys\u00e9g\u0171 rendszer h\u0151szigetel\u00e9si \u00e9rt\u00e9ke, s\u00edkban z\u00e1r\u00f3d\u00f3, kifel\u00e9 ny\u00edl\u00f3 sz\u00e1rnya, \u00e9s nagyon keskeny, ak\u00e1r 67 mm sz\u00e9les profil teszi k\u00f6zkedvelt\u00e9 az alum\u00ednium ny\u00edl\u00e1sz\u00e1r\u00f3 piacon. A szerkezetek saj\u00e1t rendszer vasalata, az AvanTec nagy el\u0151nye a falcba rejtett p\u00e1ntok \u00e9s vasalati elemek. Tov\u00e1bbi el\u0151ny, hogy a sz\u00e1rnyon bel\u00fclr\u0151l csak a kilincs l\u00e1that\u00f3. Az AvanTec vasalattal szerelt ablakok bet\u00f6r\u00e9sv\u00e9delmi oszt\u00e1lya a WK1-WK3 biztons\u00e1gi fokozatok k\u00f6z\u00f6tt alkalmazhat\u00f3.<\/p>\n<p style=\"text-align: justify;\"><img loading=\"lazy\" decoding=\"async\" src=\"https:\/\/confector.hu\/nyilaszaro\/wp-content\/uploads\/2015\/08\/schuco-nyilaszaro-aws60.jpg\" alt=\"schuco-nyilaszaro-aws60\" class=\"alignnone size-full wp-image-442\" height=\"420\" width=\"420\" srcset=\"https:\/\/confector.hu\/nyilaszaro\/wp-content\/uploads\/2015\/08\/schuco-nyilaszaro-aws60.jpg 420w, https:\/\/confector.hu\/nyilaszaro\/wp-content\/uploads\/2015\/08\/schuco-nyilaszaro-aws60-150x150.jpg 150w, https:\/\/confector.hu\/nyilaszaro\/wp-content\/uploads\/2015\/08\/schuco-nyilaszaro-aws60-300x300.jpg 300w, https:\/\/confector.hu\/nyilaszaro\/wp-content\/uploads\/2015\/08\/schuco-nyilaszaro-aws60-81x81.jpg 81w, https:\/\/confector.hu\/nyilaszaro\/wp-content\/uploads\/2015\/08\/schuco-nyilaszaro-aws60-50x50.jpg 50w\" sizes=\"auto, (max-width: 420px) 100vw, 420px\" \/><\/p>\n<p>&nbsp;<\/p>\n<h3>Sch\u00fcco ny\u00edl\u00e1sz\u00e1r\u00f3: AWS 70 HI<\/h3>\n<p style=\"text-align: justify;\">Az AWS 70 HI a Sch\u00fcco ny\u00edl\u00e1sz\u00e1r\u00f3 profilok fels\u0151-k\u00f6z\u00e9pkateg\u00f3ri\u00e1j\u00e1t k\u00e9pviseli. Kiv\u00e1l\u00f3 min\u0151s\u00e9g\u0171 alum\u00ednium ajt\u00f3 \u00e9s ablakrendszer, amely sz\u00e1mos gy\u00e1rt\u00e1si szerkezet t\u00edpust rejt mag\u00e1ban, \u00e9s j\u00f3 h\u0151szigetel\u00e9si \u00e9rt\u00e9kekkel rendelkezik. A rendszer lehet\u0151v\u00e9 teszi a kifel\u00e9 ny\u00edl\u00f3 szerkezetek gy\u00e1rt\u00e1s\u00e1t, lapos k\u00fcsz\u00f6b\u00f6s megold\u00e1sokat, \u00e9s a nagy szerkezetekn\u00e9l is el\u00e9rhet\u0151 a v\u00e9kony keresztmetszet\u0171, filigr\u00e1n alum\u00ednium profil. A rendszer nagy profil \u00e9s kieg\u00e9sz\u00edt\u0151 v\u00e1laszt\u00e9ka miatt nagy szabads\u00e1got ad a tervez\u00e9shez, \u00e9s annak megval\u00f3s\u00edt\u00e1s\u00e1hoz.<\/p>\n<p style=\"text-align: justify;\"><img loading=\"lazy\" decoding=\"async\" src=\"https:\/\/confector.hu\/nyilaszaro\/wp-content\/uploads\/2015\/08\/schuco-nyilaszaro-aws70.jpg\" alt=\"schuco-nyilaszaro-aws70\" class=\"alignnone size-full wp-image-443\" height=\"421\" width=\"420\" srcset=\"https:\/\/confector.hu\/nyilaszaro\/wp-content\/uploads\/2015\/08\/schuco-nyilaszaro-aws70.jpg 420w, https:\/\/confector.hu\/nyilaszaro\/wp-content\/uploads\/2015\/08\/schuco-nyilaszaro-aws70-150x150.jpg 150w, https:\/\/confector.hu\/nyilaszaro\/wp-content\/uploads\/2015\/08\/schuco-nyilaszaro-aws70-300x300.jpg 300w, https:\/\/confector.hu\/nyilaszaro\/wp-content\/uploads\/2015\/08\/schuco-nyilaszaro-aws70-81x81.jpg 81w, https:\/\/confector.hu\/nyilaszaro\/wp-content\/uploads\/2015\/08\/schuco-nyilaszaro-aws70-50x50.jpg 50w\" sizes=\"auto, (max-width: 420px) 100vw, 420px\" \/><\/p>\n<p>&nbsp;<\/p>\n<h3>Sch\u00fcco ny\u00edl\u00e1sz\u00e1r\u00f3: AWS 75 SI<\/h3>\n<p style=\"text-align: justify;\">Az AWS 75 SI profilrendszer a Sch\u00fcco fels\u0151 kateg\u00f3ri\u00e1j\u00e1nak egyik z\u00e1szl\u00f3shaj\u00f3ja. Az AWS 75 SI alum\u00ednium ablakrendszer \u00f6tv\u00f6zi a kit\u0171n\u0151 h\u0151szigetel\u0151 k\u00e9pess\u00e9get \u00e9s az alum\u00ednium egyed\u00fcl\u00e1ll\u00f3 tart\u00f3ss\u00e1g\u00e1t, robusztuss\u00e1g\u00e1t, keskeny l\u00e1tsz\u00f3 sz\u00e9less\u00e9g\u00e9t, \u00e9s a sokoldal\u00fa formatervez\u00e9st. A tok be\u00e9p\u00edt\u00e9si m\u00e9lys\u00e9ge mind\u00f6ssze 75 mm, ami p\u00e1rosul a 0,9-1,6 W\/m2K Uf-\u00e9rt\u00e9kkel. Haszn\u00e1lhat\u00f3 a rendszerhez tov\u00e1bbi habbet\u00e9tes szigetel\u00e9s az alum\u00ednium profil k\u00f6zep\u00e9be, \u00e9s hasonl\u00f3 habbet\u00e9t alkalmazhat\u00f3 az \u00fcvegfalc szigetel\u00e9s\u00e9n\u00e9l is, ami tov\u00e1bb n\u00f6velheti a szerkezet h\u0151\u00e1tbocs\u00e1t\u00e1si t\u00e9nyez\u0151j\u00e9t.<\/p>\n<p style=\"text-align: justify;\"><img loading=\"lazy\" decoding=\"async\" src=\"https:\/\/confector.hu\/nyilaszaro\/wp-content\/uploads\/2015\/08\/schuco-nyilaszaro-aws75.jpg\" alt=\"schuco-nyilaszaro-aws75\" class=\"alignnone size-full wp-image-444\" height=\"420\" width=\"420\" srcset=\"https:\/\/confector.hu\/nyilaszaro\/wp-content\/uploads\/2015\/08\/schuco-nyilaszaro-aws75.jpg 420w, https:\/\/confector.hu\/nyilaszaro\/wp-content\/uploads\/2015\/08\/schuco-nyilaszaro-aws75-150x150.jpg 150w, https:\/\/confector.hu\/nyilaszaro\/wp-content\/uploads\/2015\/08\/schuco-nyilaszaro-aws75-300x300.jpg 300w, https:\/\/confector.hu\/nyilaszaro\/wp-content\/uploads\/2015\/08\/schuco-nyilaszaro-aws75-81x81.jpg 81w, https:\/\/confector.hu\/nyilaszaro\/wp-content\/uploads\/2015\/08\/schuco-nyilaszaro-aws75-50x50.jpg 50w\" sizes=\"auto, (max-width: 420px) 100vw, 420px\" \/><\/p>\n<div class=\"erdeklodom\"><a href=\"https:\/\/confector.hu\/nyilaszaro\/kapcsolat\">\u00c9rdekl\u0151d\u00f6m <i class=\"fa fa-arrow-circle-right\"><\/i><\/a><\/div>\n","protected":false},"excerpt":{"rendered":"<p>Sch\u00fcco ny\u00edl\u00e1sz\u00e1r\u00f3 term\u00e9kpalett\u00e1nk Az alum\u00ednium ny\u00edl\u00e1sz\u00e1r\u00f3 term\u00e9kpalett\u00e1nk mag\u00e1ba foglalja az egyszer\u0171 szerkezetekt\u0151l kezdve a design-alum\u00ednium ny\u00edl\u00e1sz\u00e1r\u00f3kon \u00e1t eg\u00e9szen a speci\u00e1lis megjelen\u00e9s\u0171 szerkezetekig. Az alum\u00ednium alapanyag j\u00f3l \u00e9s pontosan alak\u00edthat\u00f3, lehet\u0151v\u00e9 t\u00e9ve az egyedi szerkezetek \u00f6tletes, \u00e9s szinte minden k\u00f6vetelm\u00e9nynek megfelel\u0151 megval\u00f3s\u00edt\u00e1s\u00e1t. Alum\u00ednium term\u00e9keink k\u00f6z\u00fcl a m\u00e9lt\u00e1n legismertebb rendszer a n\u00e9met Sch\u00fcco profilcsal\u00e1d, melynek felhaszn\u00e1l\u00e1s\u00e1ban c\u00e9g\u00fcnk [&hellip;]<\/p>\n","protected":false},"author":2,"featured_media":1137,"parent":0,"menu_order":0,"comment_status":"closed","ping_status":"open","template":"","meta":{"footnotes":""},"class_list":["post-244","page","type-page","status-publish","has-post-thumbnail","hentry"],"aioseo_notices":[],"_links":{"self":[{"href":"https:\/\/confector.hu\/nyilaszaro\/wp-json\/wp\/v2\/pages\/244","targetHints":{"allow":["GET"]}}],"collection":[{"href":"https:\/\/confector.hu\/nyilaszaro\/wp-json\/wp\/v2\/pages"}],"about":[{"href":"https:\/\/confector.hu\/nyilaszaro\/wp-json\/wp\/v2\/types\/page"}],"author":[{"embeddable":true,"href":"https:\/\/confector.hu\/nyilaszaro\/wp-json\/wp\/v2\/users\/2"}],"replies":[{"embeddable":true,"href":"https:\/\/confector.hu\/nyilaszaro\/wp-json\/wp\/v2\/comments?post=244"}],"version-history":[{"count":12,"href":"https:\/\/confector.hu\/nyilaszaro\/wp-json\/wp\/v2\/pages\/244\/revisions"}],"predecessor-version":[{"id":1127,"href":"https:\/\/confector.hu\/nyilaszaro\/wp-json\/wp\/v2\/pages\/244\/revisions\/1127"}],"wp:featuredmedia":[{"embeddable":true,"href":"https:\/\/confector.hu\/nyilaszaro\/wp-json\/wp\/v2\/media\/1137"}],"wp:attachment":[{"href":"https:\/\/confector.hu\/nyilaszaro\/wp-json\/wp\/v2\/media?parent=244"}],"curies":[{"name":"wp","href":"https:\/\/api.w.org\/{rel}","templated":true}]}}