{"id":224,"date":"2015-08-17T07:15:32","date_gmt":"2015-08-17T06:15:32","guid":{"rendered":"https:\/\/confector.hu\/nyilaszaro\/?page_id=224"},"modified":"2024-11-05T12:01:19","modified_gmt":"2024-11-05T11:01:19","slug":"akcios-muanyag-ablak","status":"publish","type":"page","link":"https:\/\/confector.hu\/nyilaszaro\/akcios-muanyag-ablak\/","title":{"rendered":"Akci\u00f3s m\u0171anyag ablak"},"content":{"rendered":"<h3>Kiknek aj\u00e1nljuk?<\/h3>\n<p>&nbsp;<\/p>\n<p style=\"text-align: justify;\">C\u00e9g\u00fcnk minden term\u00e9k\u00e9t az adott lehet\u0151s\u00e9gekhez k\u00e9pest, testre szabott akci\u00f3kkal \u00e9rt\u00e9kes\u00edti, \u00e9rtj\u00fck ezalatt a megrendel\u00e9s volumen\u00e9t \u00e9s a m\u0171szaki param\u00e9terek kialak\u00edt\u00e1shoz kapcsol\u00f3d\u00f3 egy\u00e9ni ig\u00e9nyeket. \u00c1ltalunk gy\u00e1rtott, kiv\u00e1l\u00f3 min\u0151s\u00e9g\u0171 REHAU alapanyag\u00fa m\u0171anyag ny\u00edl\u00e1sz\u00e1r\u00f3k \u00e1r-\u00e9rt\u00e9k ar\u00e1nya alapvet\u0151en megfelel a hazai piac \u00e1ltal megk\u00edv\u00e1nt szintnek, de el\u0151fordulhatnak olyan beruh\u00e1z\u00e1sok, illetve mag\u00e1nszem\u00e9ly megrendel\u0151k, akik az olcs\u00f3bb term\u00e9keket r\u00e9szes\u00edtik el\u0151nyben. Mivel az \u00e1r alapvet\u0151en nem mehet a min\u0151s\u00e9g rov\u00e1s\u00e1ra, az adott ny\u00edl\u00e1sz\u00e1r\u00f3knak a megk\u00f6vetelt param\u00e9tereket biztos\u00edtaniuk kell, ez\u00e9rt kerest\u00fcnk egy k\u00f6ztes megold\u00e1st.<\/p>\n<p style=\"text-align: justify;\">Mivel a n\u00e9met REHAU profilrendszerb\u0151l j\u00f3val olcs\u00f3bb term\u00e9k nem gy\u00e1rthat\u00f3, ez\u00e9rt a j\u00f3 min\u0151s\u00e9get szem el\u0151tt tartva kerest\u00fcnk egy olyan rendszert, illetve gy\u00e1rt\u00f3t, ahol ezen ig\u00e9nyeket ki tudjuk szolg\u00e1lni. 2010 \u00f3ta kezdt\u00fck el forgalmazni a lengyel GL-SYSTEM rendszerb\u0151l k\u00e9sz\u00fclt IGLO ny\u00edl\u00e1sz\u00e1r\u00f3kat.<\/p>\n<p>&nbsp;<\/p>\n<h3>IGLO 5 profil (m\u0171anyag ablak) el\u0151nyei:<\/h3>\n<p>&nbsp;<\/p>\n<ul>\n<li>\u00d6tkamr\u00e1s rendszer lehet\u0151v\u00e9 teszi a nagyon j\u00f3\u00a0<strong>h\u0151- \u00e9s akusztikai v\u00e9delem<\/strong>\u00a0el\u00e9r\u00e9s\u00e9t \u00e9s a stabilit\u00e1st. Bels\u0151 fel\u00e9p\u00edt\u00e9snek k\u00f6sz\u00f6nhet\u0151en, valamint a t\u00f6m\u00edt\u00e9sek \u00e9s a h\u0151szigetelt \u00fcveg felhaszn\u00e1l\u00e1sa hozz\u00e1j\u00e1rul a h\u0151energia-vesztes\u00e9gek jelent\u0151s cs\u00f6kken\u00e9s\u00e9hez \u00e9s ez\u00e1ltal a f\u0171t\u00e9si kiad\u00e1sok cs\u00f6kkent\u00e9s\u00e9hez is.<\/li>\n<li>Eszt\u00e9tikus \u00e9s l\u00e1thatatlan\u00a0<strong>t\u00f6m\u00edt\u00e9sek<\/strong><\/li>\n<li>Lehet\u0151s\u00e9g ny\u00edlik\u00a0<strong>sokf\u00e9le h\u0151szigetelt \u00fcvegb\u0151l<\/strong>\u00a0v\u00e1lasztani, k\u00fcl\u00f6nb\u00f6z\u0151 vastags\u00e1gban: 24 mm, 28 mm, 32 mm, 36 mm<\/li>\n<li>A 13 mm t\u00e1vols\u00e1g a vasal\u00e1s tengely\u00e9t\u0151l lehet\u0151v\u00e9 teszi a\u00a0<strong>sz\u00e9lesebb z\u00e1rak<\/strong>\u00a0alkalmaz\u00e1s\u00e1t \u00e9s ez\u00e1ltal a magasabb bet\u00f6r\u00e9sv\u00e9delem biztos\u00edt\u00e1s\u00e1t<\/li>\n<li>Modern EPDM t\u00f6m\u00edt\u00e9s garant\u00e1lja az ablakok j\u00f3 szigetel\u00e9s\u00e9t \u00e9s hossz\u00fa\u00a0<strong>tart\u00f3s haszn\u00e1lat\u00e1t<\/strong><\/li>\n<li>Ac\u00e9lmerev\u00edt\u00e9sek a keretben \u00e9s az ablaksz\u00e1rnyakban biztos\u00edtj\u00e1k a term\u00e9k szil\u00e1rds\u00e1g\u00e1t<\/li>\n<\/ul>\n<p>&nbsp;<\/p>\n<p style=\"text-align: justify;\">A lengyelorsz\u00e1gi DRUTEX Ltd. Eur\u00f3pa egyik legnagyobb ablakgy\u00e1rt\u00f3 \u00fczeme, automata g\u00e9psorain \u00e9vi k\u00f6zel egymilli\u00f3 egys\u00e9gnyi ny\u00edl\u00e1sz\u00e1r\u00f3t gy\u00e1rt le. A v\u00e1llalat forgalmazza term\u00e9keit eg\u00e9sz Eur\u00f3pa ter\u00fclet\u00e9n, az USA-ban, Kanad\u00e1ban, Mexik\u00f3ban, Ausztr\u00e1li\u00e1ban \u00e9s a K\u00f6zel \u2013 Keleten, ami vil\u00e1gszint\u0171 elismer\u00e9sr\u0151l \u00e1rulkodik. IGLO akci\u00f3s m\u0171anyag ablakaink minden min\u0151s\u00e9gi \u00e9s eszt\u00e9tikai elv\u00e1r\u00e1snak megfelelnek, 70 mm-es 5-kamr\u00e1s profil, Ug=1.0 W\/m2K h\u0151szigetelt \u00fcvegez\u00e9ssel. Kiv\u00e1l\u00f3 v\u00e1laszt\u00e1s ablakcser\u00e9kn\u00e9l is, mivel egyedileg megadott m\u00e9retre gy\u00e1rtj\u00e1k, minden kieg\u00e9sz\u00edt\u0151vel, ez\u00e1ltal egy kiforrott, komplett rendszerr\u0151l besz\u00e9l\u00fcnk. Ugyanazzal a MACO MULTI MATIC vasalattal vannak szerelve, mint az \u00e1ltalunk gy\u00e1rtott REHAU ny\u00edl\u00e1sz\u00e1r\u00f3k, \u00edgy az esetleges meghib\u00e1sod\u00e1st egyszer\u0171en tudjuk szervizelni. A gy\u00e1rt\u00e1si \u00e9s sz\u00e1ll\u00edt\u00e1si hat\u00e1rid\u0151k sem hossz\u00faak, a hazai kapacit\u00e1sokkal \u00f6sszevetve teljes m\u00e9rt\u00e9kben versenyk\u00e9pesek. A sz\u00e1ll\u00edt\u00e1s sor\u00e1n a s\u00e9r\u00fcl\u00e9sek elker\u00fcl\u00e9sek \u00e9rdek\u00e9ben minden term\u00e9ket k\u00fcl\u00f6n becsomagolva \u00e9rkeztetnek.<\/p>\n<p style=\"text-align: justify;\">Az ablakcser\u00e9kn\u00e9l felmer\u00fcl\u0151 egy\u00e9b, a hazai piacon fellelhet\u0151 kieg\u00e9sz\u00edt\u0151k (red\u0151ny\u00f6k, sz\u00fanyogh\u00e1l\u00f3k, p\u00e1rk\u00e1nyok, takar\u00f3profilok stb.) teljes m\u00e9rt\u00e9kben kompatibilisek a lengyel rendszerrel, \u00edgy minden ablak be\u00e9p\u00edt\u00e9s\u00e9n\u00e9l alkalmazhat\u00f3ak. Olcs\u00f3bb (\u201eakci\u00f3s\u201d) \u00e1ruk a saj\u00e1t maguk \u00e1ltal extrud\u00e1lt profiloknak \u00e9s a hatalmas gy\u00e1rt\u00e1si kapacit\u00e1snak k\u00f6sz\u00f6nhet\u0151. Term\u00e9szetesen ezen term\u00e9kekre is 5 \u00e9v garanci\u00e1t v\u00e1llalunk. Akci\u00f3s m\u0171anyag ablak eset\u00e9ben is az ablakok cser\u00e9j\u00e9t, be\u00e9p\u00edt\u00e9s\u00e9t, szervizel\u00e9s\u00e9t c\u00e9g\u00fcnk szakembereivel v\u00e9gezz\u00fck, ugyan\u00fagy, mint a saj\u00e1t gy\u00e1rt\u00e1s\u00fa m\u0171anyag \u00e9s alum\u00ednium szerkezeteinkn\u00e9l.<\/p>\n<p><strong>IGLO 5 akci\u00f3s m\u0171anyag ablakprofil metszetrajza:<\/strong><\/p>\n<p><img loading=\"lazy\" decoding=\"async\" src=\"https:\/\/confector.hu\/nyilaszaro\/wp-content\/uploads\/2015\/08\/akcios-muanyag-1.jpg\" alt=\"akcios-muanyag-1\" class=\"alignnone size-full wp-image-566\" width=\"420\" height=\"522\" srcset=\"https:\/\/confector.hu\/nyilaszaro\/wp-content\/uploads\/2015\/08\/akcios-muanyag-1.jpg 420w, https:\/\/confector.hu\/nyilaszaro\/wp-content\/uploads\/2015\/08\/akcios-muanyag-1-241x300.jpg 241w\" sizes=\"auto, (max-width: 420px) 100vw, 420px\" \/><\/p>\n<p style=\"text-align: justify;\"><strong>Jelmagyar\u00e1zat a k\u00e9phez:<\/strong><\/p>\n<ol>\n<li>\u00f6tkamr\u00e1s rendszer \u00e9s a 70mm \u00e9p\u00edt\u00e9si m\u00e9lys\u00e9g garant\u00e1lj\u00e1k az optim\u00e1lis h\u0151 \u00e9s akusztikai szigetel\u00e9st<\/li>\n<li>k\u00fcl\u00f6nleges forma \u00e9s a modern EPDM t\u00f6m\u00edt\u00e9s a speci\u00e1lis v\u00e1gatokban garant\u00e1lja az optim\u00e1lis szigetel\u00e9st \u00e9s az ablak hossz\u00fa tart\u00f3s haszn\u00e1lat\u00e1t<\/li>\n<li>13mm t\u00e1vols\u00e1g a vasal\u00e1s tengely\u00e9t\u0151l lehet\u0151v\u00e9 teszi a sz\u00e9lesebb z\u00e1rak alkalmaz\u00e1s\u00e1t \u00e9s ez\u00e1ltal a magasabb bet\u00f6r\u00e9sv\u00e9delem biztos\u00edt\u00e1s\u00e1t<\/li>\n<li>modern design megfelel az elv\u00e1r\u00e1soknak a PVC ablakok piac\u00e1n<\/li>\n<li>lehet\u0151s\u00e9g ny\u00edlik sokf\u00e9le h\u0151szigetelt \u00fcveg felhaszn\u00e1l\u00e1s\u00e1ra<\/li>\n<li>l\u00e1thatatlan \u00fcveg alatti t\u00f6m\u00edt\u00e9s<\/li>\n<li>nagy bels\u0151 kamra lehet\u0151v\u00e9 teszi a nagy merev\u00edt\u00e9s alkalmaz\u00e1s\u00e1t<\/li>\n<li>sima bels\u0151 fel\u00fcletek<\/li>\n<\/ol>\n<div class=\"erdeklodom\"><a href=\"https:\/\/confector.hu\/nyilaszaro\/kapcsolat\">\u00c9rdekl\u0151d\u00f6m <i class=\"fa fa-arrow-circle-right\"><\/i><\/a><\/div>\n","protected":false},"excerpt":{"rendered":"<p>Kiknek aj\u00e1nljuk? &nbsp; C\u00e9g\u00fcnk minden term\u00e9k\u00e9t az adott lehet\u0151s\u00e9gekhez k\u00e9pest, testre szabott akci\u00f3kkal \u00e9rt\u00e9kes\u00edti, \u00e9rtj\u00fck ezalatt a megrendel\u00e9s volumen\u00e9t \u00e9s a m\u0171szaki param\u00e9terek kialak\u00edt\u00e1shoz kapcsol\u00f3d\u00f3 egy\u00e9ni ig\u00e9nyeket. \u00c1ltalunk gy\u00e1rtott, kiv\u00e1l\u00f3 min\u0151s\u00e9g\u0171 REHAU alapanyag\u00fa m\u0171anyag ny\u00edl\u00e1sz\u00e1r\u00f3k \u00e1r-\u00e9rt\u00e9k ar\u00e1nya alapvet\u0151en megfelel a hazai piac \u00e1ltal megk\u00edv\u00e1nt szintnek, de el\u0151fordulhatnak olyan beruh\u00e1z\u00e1sok, illetve mag\u00e1nszem\u00e9ly megrendel\u0151k, akik az olcs\u00f3bb [&hellip;]<\/p>\n","protected":false},"author":2,"featured_media":928,"parent":0,"menu_order":0,"comment_status":"closed","ping_status":"open","template":"","meta":{"footnotes":""},"class_list":["post-224","page","type-page","status-publish","has-post-thumbnail","hentry"],"aioseo_notices":[],"_links":{"self":[{"href":"https:\/\/confector.hu\/nyilaszaro\/wp-json\/wp\/v2\/pages\/224","targetHints":{"allow":["GET"]}}],"collection":[{"href":"https:\/\/confector.hu\/nyilaszaro\/wp-json\/wp\/v2\/pages"}],"about":[{"href":"https:\/\/confector.hu\/nyilaszaro\/wp-json\/wp\/v2\/types\/page"}],"author":[{"embeddable":true,"href":"https:\/\/confector.hu\/nyilaszaro\/wp-json\/wp\/v2\/users\/2"}],"replies":[{"embeddable":true,"href":"https:\/\/confector.hu\/nyilaszaro\/wp-json\/wp\/v2\/comments?post=224"}],"version-history":[{"count":16,"href":"https:\/\/confector.hu\/nyilaszaro\/wp-json\/wp\/v2\/pages\/224\/revisions"}],"predecessor-version":[{"id":1449,"href":"https:\/\/confector.hu\/nyilaszaro\/wp-json\/wp\/v2\/pages\/224\/revisions\/1449"}],"wp:featuredmedia":[{"embeddable":true,"href":"https:\/\/confector.hu\/nyilaszaro\/wp-json\/wp\/v2\/media\/928"}],"wp:attachment":[{"href":"https:\/\/confector.hu\/nyilaszaro\/wp-json\/wp\/v2\/media?parent=224"}],"curies":[{"name":"wp","href":"https:\/\/api.w.org\/{rel}","templated":true}]}}